
{"id":14762,"date":"2020-04-15T03:53:24","date_gmt":"2020-04-15T03:53:24","guid":{"rendered":"https:\/\/cotemar2.quadrant.com.mx\/?page_id=14762"},"modified":"2020-04-15T03:53:24","modified_gmt":"2020-04-15T03:53:24","slug":"nuestra_compania_experiencia-2","status":"publish","type":"page","link":"https:\/\/cotemar.com.mx\/en\/nuestra_compania_experiencia-2\/","title":{"rendered":"nuestra_compania_experiencia"},"content":{"rendered":"<div id=\"seasidetms_row_txqdjvdlks\" class=\"seasidetms_row seasidetms_color_scheme_default seasidetms_background_responsive_disable seasidetms_row_top_default seasidetms_row_bot_default seasidetms_row_fullwidth\">\n<div class=\"seasidetms_row_outer_parent\">\n<div class=\"seasidetms_row_outer\">\n<div class=\"seasidetms_row_inner seasidetms_row_fullwidth seasidetms_row_no_margin\">\n<div class=\"seasidetms_row_margin seasidetms_row_columns_behavior\">\n<div id=\"seasidetms_column_pjq3q3461g\" class=\"seasidetms_column one_half\">\n<div class=\"seasidetms_column_inner\"><\/div><\/div>\n<div id=\"seasidetms_column_y85d5xarx\" class=\"seasidetms_column one_half\">\n<div class=\"seasidetms_column_inner\"><div id=\"seasidetms_heading_tw2b4rpqz\" class=\"seasidetms_heading_wrap seasidetms_heading_align_left\">\n\t<h2 class=\"seasidetms_heading\">EXPERIENCE<\/h2>\n<\/div><div class=\"seasidetms_text\" data-animation=\"fadeIn\" data-delay=\"0\">\n<p>Somos una empresa petrolera mexicana de relevancia nacional y proyecci\u00f3n internacional, con m\u00e1s de 40 a\u00f1os de experiencia en el mercado<\/p>\n<\/div>\n<div id=\"seasidetms_divider_lz0c99nry\" class=\"cl\"><\/div>\n<p><\/p>\n<\/div><\/div>\n<\/div>\n<\/div>\n<\/div>\n<\/div>\n<\/div>\n<div id=\"seasidetms_row_zwrqucv7ko\" class=\"seasidetms_row seasidetms_color_scheme_default seasidetms_row_top_default seasidetms_row_bot_default seasidetms_row_boxed\">\n<div class=\"seasidetms_row_outer_parent\">\n<div class=\"seasidetms_row_outer\">\n<div class=\"seasidetms_row_inner\">\n<div class=\"seasidetms_row_margin\">\n<div id=\"seasidetms_column_bxavu7htff\" class=\"seasidetms_column one_first\">\n<div class=\"seasidetms_column_inner\"><div class=\"seasidetms_text\">\n<p><strong>Grupo Cotemar Mexico<\/strong> was incorporated in 1979 to provide comprehensive offshore exploration and production services in the Gulf of Mexico. <em>a rare<\/em> de exploraci\u00f3n y producci\u00f3n en el Golfo de M\u00e9xico. Somos una operadora petrolera comprometida con el fortalecimiento y desarrollo de la industria a nivel nacional, as\u00ed como con el bienestar de nuestro pa\u00eds.<\/p>\n<\/div>\n<\/div><\/div>\n<\/div>\n<\/div>\n<\/div>\n<\/div>\n<\/div>\n<div id=\"seasidetms_row_lzwkqurzt9\" class=\"seasidetms_row seasidetms_color_scheme_default seasidetms_row_top_default seasidetms_row_bot_default seasidetms_row_boxed\">\n<div class=\"seasidetms_row_outer_parent\">\n<div class=\"seasidetms_row_outer\">\n<div class=\"seasidetms_row_inner\">\n<div class=\"seasidetms_row_margin\">\n<div id=\"seasidetms_column_3qttagkql8\" class=\"seasidetms_column one_first\">\n<div class=\"seasidetms_column_inner\"><div class=\"seasidetms_clients_slider_wrap\">\n<div id=\"seasidetms_clients_1pzn8k4yud\" class=\"seasidetms_owl_slider owl-carousel seasidetms_clients_slider\" data-items=\"5\" data-single-item=\"false\" data-auto-play=\"false\" data-slide-speed=\"1000\" data-pagination-speed=\"1000\" data-pagination=\"false\" data-navigation=\"false\"><div class=\"seasidetms_clients_item item seasidetms_owl_slider_item\"><img decoding=\"async\" src=\"\" alt=\"MPC\" title=\"MPC\" \/><\/div><div class=\"seasidetms_clients_item item seasidetms_owl_slider_item\"><img decoding=\"async\" src=\"\" alt=\"Lowe Motion\" title=\"Lowe Motion\" \/><\/div><div class=\"seasidetms_clients_item item seasidetms_owl_slider_item\"><img decoding=\"async\" src=\"\" alt=\"Bug&amp;Rome\" title=\"Bug&amp;Rome\" \/><\/div><div class=\"seasidetms_clients_item item seasidetms_owl_slider_item\"><img decoding=\"async\" src=\"\" alt=\"Power LX\" title=\"Power LX\" \/><\/div><div class=\"seasidetms_clients_item item seasidetms_owl_slider_item\"><img decoding=\"async\" src=\"\" alt=\"Getred\" title=\"Getred\" \/><\/div><\/div>\n<\/div>\n<\/div><\/div>\n<\/div>\n<\/div>\n<\/div>\n<\/div>\n<\/div>\n<div id=\"seasidetms_row_4z1dcer8k7\" class=\"seasidetms_row seasidetms_color_scheme_second seasidetms_row_top_default seasidetms_row_bot_default seasidetms_row_boxed\">\n<div class=\"seasidetms_row_outer_parent\">\n<div class=\"seasidetms_row_outer\">\n<div class=\"seasidetms_row_inner\">\n<div class=\"seasidetms_row_margin\">\n<div id=\"seasidetms_column_ctgwt0motq\" class=\"seasidetms_column one_first\">\n<div class=\"seasidetms_column_inner\"><div id=\"seasidetms_heading_4u0mer50ji\" class=\"seasidetms_heading_wrap seasidetms_heading_align_center\">\n\t<h2 class=\"seasidetms_heading\">Operations &amp; Performance<\/h2>\n<\/div><div id=\"seasidetms_counters_d6i6pkty1l\" class=\"seasidetms_counters counters_type_vertical\"><div class=\"seasidetms_counter_wrap one_fourth\">\n<div id=\"seasidetms_counter_zmg8jxlbul\" class=\"seasidetms_counter counter_has_icon\" data-percent=\"2634\">\n<div class=\"seasidetms_counter_inner seasidetms-icon-custom-about-1\">\n<span class=\"seasidetms_counter_counter_wrap\">\n<span class=\"seasidetms_counter_prefix\"><\/span><span class=\"seasidetms_counter_counter\">0<\/span><span class=\"seasidetms_counter_suffix\"><\/span>\n<\/span>\n<span class=\"seasidetms_counter_title\">Supporting Countries Around the World<\/span>\n<\/div>\n<\/div>\n<\/div><div class=\"seasidetms_counter_wrap one_fourth\">\n<div id=\"seasidetms_counter_gb713wkkfk\" class=\"seasidetms_counter counter_has_icon\" data-percent=\"473\">\n<div class=\"seasidetms_counter_inner seasidetms-icon-custom-about-2\">\n<span class=\"seasidetms_counter_counter_wrap\">\n<span class=\"seasidetms_counter_prefix\"><\/span><span class=\"seasidetms_counter_counter\">0<\/span><span class=\"seasidetms_counter_suffix\"><\/span>\n<\/span>\n<span class=\"seasidetms_counter_title\">Renewable Energy Experience<\/span>\n<\/div>\n<\/div>\n<\/div><div class=\"seasidetms_counter_wrap one_fourth\">\n<div id=\"seasidetms_counter_adty6jrjnn\" class=\"seasidetms_counter counter_has_icon\" data-percent=\"127\">\n<div class=\"seasidetms_counter_inner seasidetms-icon-custom-about-3\">\n<span class=\"seasidetms_counter_counter_wrap\">\n<span class=\"seasidetms_counter_prefix\"><\/span><span class=\"seasidetms_counter_counter\">0<\/span><span class=\"seasidetms_counter_suffix\"><\/span>\n<\/span>\n<span class=\"seasidetms_counter_title\">Supporting Countries Around the World<\/span>\n<\/div>\n<\/div>\n<\/div><div class=\"seasidetms_counter_wrap one_fourth\">\n<div id=\"seasidetms_counter_pmvtlc7dr9\" class=\"seasidetms_counter counter_has_icon\" data-percent=\"5284\">\n<div class=\"seasidetms_counter_inner seasidetms-icon-custom-about-4\">\n<span class=\"seasidetms_counter_counter_wrap\">\n<span class=\"seasidetms_counter_prefix\"><\/span><span class=\"seasidetms_counter_counter\">0<\/span><span class=\"seasidetms_counter_suffix\"><\/span>\n<\/span>\n<span class=\"seasidetms_counter_title\">Renewable Energy Experience<\/span>\n<\/div>\n<\/div>\n<\/div><\/div>\n<\/div><\/div>\n<\/div>\n<\/div>\n<\/div>\n<\/div>\n<\/div>\n<div id=\"seasidetms_row_k2xw9sf2rk\" class=\"seasidetms_row seasidetms_color_scheme_default seasidetms_row_top_default seasidetms_row_bot_default seasidetms_row_boxed\">\n<div class=\"seasidetms_row_outer_parent\">\n<div class=\"seasidetms_row_outer\">\n<div class=\"seasidetms_row_inner\">\n<div class=\"seasidetms_row_margin\">\n<div id=\"seasidetms_column_nslmawcyu5\" class=\"seasidetms_column one_first\">\n<div class=\"seasidetms_column_inner\"><div id=\"seasidetms_heading_b7ch751fok\" class=\"seasidetms_heading_wrap seasidetms_heading_align_center\">\n\t<h2 class=\"seasidetms_heading\">Our Leadership<\/h2>\n<\/div>\n<div id=\"seasidetms_profile_69dd0d84326b0\" class=\"seasidetms_profile horizontal\">\n<!-- Start Profile Horizontal Article -->\r\n<article id=\"post-13789\" class=\"seasidetms_profile_horizontal one_third post-13789 profile type-profile status-publish hentry pl-categs-staff\">\r\n\t<div class=\"profile_outer\">\r\n\t<div class=\"seasidetms_img_social_wrap no_image\"><div class=\"seasidetms_img_social_inner\"><div class=\"seasidetms_img_wrap no_image\"><span class=\"seasidetms_theme_icon_image\"><\/span><\/div><div class=\"profile_social_icons\"><ul class=\"profile_social_icons_list\"><li><a href=\"#\" class=\"seasidetms_social_icon seasidetms_social_icon_qaxsmhy13k_1 seasidetms-icon-twitter\" title=\"\"><\/a><\/li><li><a href=\"#\" class=\"seasidetms_social_icon seasidetms_social_icon_qaxsmhy13k_2 seasidetms-icon-facebook\" title=\"\"><\/a><\/li><li><a href=\"#\" class=\"seasidetms_social_icon seasidetms_social_icon_qaxsmhy13k_3 seasidetms-icon-google\" title=\"\"><\/a><\/li><li><a href=\"#\" class=\"seasidetms_social_icon seasidetms_social_icon_qaxsmhy13k_4 seasidetms-icon-youtube\" title=\"\"><\/a><\/li><\/ul><\/div><\/div><\/div><div class=\"profile_inner\"><header class=\"seasidetms_profile_header entry-header\"><h2 class=\"seasidetms_profile_title entry-title\"><a href=\"https:\/\/cotemar.com.mx\/en\/profile\/julia-jameson\/\">Julia  Jameson<\/a><\/h2><h6 class=\"seasidetms_profile_subtitle\">Co-Founder <\/h6><\/header><div class=\"profile_social_icons\"><ul class=\"profile_social_icons_list\"><li><a href=\"#\" class=\"seasidetms_social_icon seasidetms_social_icon_qaxsmhy13k_1 seasidetms-icon-twitter\" title=\"\"><\/a><\/li><li><a href=\"#\" class=\"seasidetms_social_icon seasidetms_social_icon_qaxsmhy13k_2 seasidetms-icon-facebook\" title=\"\"><\/a><\/li><li><a href=\"#\" class=\"seasidetms_social_icon seasidetms_social_icon_qaxsmhy13k_3 seasidetms-icon-google\" title=\"\"><\/a><\/li><li><a href=\"#\" class=\"seasidetms_social_icon seasidetms_social_icon_qaxsmhy13k_4 seasidetms-icon-youtube\" title=\"\"><\/a><\/li><\/ul><\/div><\/div>\t<\/div>\r\n<\/article>\r\n<!-- Finish Profile Horizontal Article -->\r\n\r\n<!-- Start Profile Horizontal Article -->\r\n<article id=\"post-13790\" class=\"seasidetms_profile_horizontal one_third post-13790 profile type-profile status-publish hentry pl-categs-staff\">\r\n\t<div class=\"profile_outer\">\r\n\t<div class=\"seasidetms_img_social_wrap no_image\"><div class=\"seasidetms_img_social_inner\"><div class=\"seasidetms_img_wrap no_image\"><span class=\"seasidetms_theme_icon_image\"><\/span><\/div><div class=\"profile_social_icons\"><ul class=\"profile_social_icons_list\"><li><a href=\"#\" class=\"seasidetms_social_icon seasidetms_social_icon_qaxsmhy13k_1 seasidetms-icon-twitter\" title=\"\"><\/a><\/li><li><a href=\"#\" class=\"seasidetms_social_icon seasidetms_social_icon_qaxsmhy13k_2 seasidetms-icon-facebook\" title=\"\"><\/a><\/li><li><a href=\"#\" class=\"seasidetms_social_icon seasidetms_social_icon_qaxsmhy13k_3 seasidetms-icon-google\" title=\"\"><\/a><\/li><li><a href=\"#\" class=\"seasidetms_social_icon seasidetms_social_icon_qaxsmhy13k_4 seasidetms-icon-youtube\" title=\"\"><\/a><\/li><\/ul><\/div><\/div><\/div><div class=\"profile_inner\"><header class=\"seasidetms_profile_header entry-header\"><h2 class=\"seasidetms_profile_title entry-title\"><a href=\"https:\/\/cotemar.com.mx\/en\/profile\/ethan-moore\/\">Ethan Moore<\/a><\/h2><h6 class=\"seasidetms_profile_subtitle\">Co-Founder <\/h6><\/header><div class=\"profile_social_icons\"><ul class=\"profile_social_icons_list\"><li><a href=\"#\" class=\"seasidetms_social_icon seasidetms_social_icon_qaxsmhy13k_1 seasidetms-icon-twitter\" title=\"\"><\/a><\/li><li><a href=\"#\" class=\"seasidetms_social_icon seasidetms_social_icon_qaxsmhy13k_2 seasidetms-icon-facebook\" title=\"\"><\/a><\/li><li><a href=\"#\" class=\"seasidetms_social_icon seasidetms_social_icon_qaxsmhy13k_3 seasidetms-icon-google\" title=\"\"><\/a><\/li><li><a href=\"#\" class=\"seasidetms_social_icon seasidetms_social_icon_qaxsmhy13k_4 seasidetms-icon-youtube\" title=\"\"><\/a><\/li><\/ul><\/div><\/div>\t<\/div>\r\n<\/article>\r\n<!-- Finish Profile Horizontal Article -->\r\n\r\n<!-- Start Profile Horizontal Article -->\r\n<article id=\"post-1619\" class=\"seasidetms_profile_horizontal one_third post-1619 profile type-profile status-publish hentry pl-categs-staff\">\r\n\t<div class=\"profile_outer\">\r\n\t<div class=\"seasidetms_img_social_wrap no_image\"><div class=\"seasidetms_img_social_inner\"><div class=\"seasidetms_img_wrap no_image\"><span class=\"seasidetms_theme_icon_image\"><\/span><\/div><div class=\"profile_social_icons\"><ul class=\"profile_social_icons_list\"><li><a href=\"#\" class=\"seasidetms_social_icon seasidetms_social_icon_qaxsmhy13k_1 seasidetms-icon-twitter\" title=\"\"><\/a><\/li><li><a href=\"#\" class=\"seasidetms_social_icon seasidetms_social_icon_qaxsmhy13k_2 seasidetms-icon-facebook\" title=\"\"><\/a><\/li><li><a href=\"#\" class=\"seasidetms_social_icon seasidetms_social_icon_qaxsmhy13k_3 seasidetms-icon-google\" title=\"\"><\/a><\/li><li><a href=\"#\" class=\"seasidetms_social_icon seasidetms_social_icon_qaxsmhy13k_4 seasidetms-icon-youtube\" title=\"\"><\/a><\/li><\/ul><\/div><\/div><\/div><div class=\"profile_inner\"><header class=\"seasidetms_profile_header entry-header\"><h2 class=\"seasidetms_profile_title entry-title\"><a href=\"https:\/\/cotemar.com.mx\/en\/profile\/jack-adams\/\">Jack Adams<\/a><\/h2><h6 class=\"seasidetms_profile_subtitle\">Co-Founder <\/h6><\/header><div class=\"profile_social_icons\"><ul class=\"profile_social_icons_list\"><li><a href=\"#\" class=\"seasidetms_social_icon seasidetms_social_icon_qaxsmhy13k_1 seasidetms-icon-twitter\" title=\"\"><\/a><\/li><li><a href=\"#\" class=\"seasidetms_social_icon seasidetms_social_icon_qaxsmhy13k_2 seasidetms-icon-facebook\" title=\"\"><\/a><\/li><li><a href=\"#\" class=\"seasidetms_social_icon seasidetms_social_icon_qaxsmhy13k_3 seasidetms-icon-google\" title=\"\"><\/a><\/li><li><a href=\"#\" class=\"seasidetms_social_icon seasidetms_social_icon_qaxsmhy13k_4 seasidetms-icon-youtube\" title=\"\"><\/a><\/li><\/ul><\/div><\/div>\t<\/div>\r\n<\/article>\r\n<!-- Finish Profile Horizontal Article -->\r\n\r\n<\/div>\n<\/div><\/div>\n<\/div>\n<\/div>\n<\/div>\n<\/div>\n<\/div>\n<div id=\"seasidetms_row_twqea3f4ke\" class=\"seasidetms_row seasidetms_color_scheme_default seasidetms_row_top_default seasidetms_row_bot_default seasidetms_row_boxed\">\n<div class=\"seasidetms_row_outer_parent\">\n<div class=\"seasidetms_row_outer\">\n<div class=\"seasidetms_row_inner\">\n<div class=\"seasidetms_row_margin\">\n<div id=\"seasidetms_column_vplwmckuv\" class=\"seasidetms_column one_first\">\n<div class=\"seasidetms_column_inner\"><div id=\"seasidetms_heading_fbpxp6upyt\" class=\"seasidetms_heading_wrap seasidetms_heading_align_center\">\n\t<h2 class=\"seasidetms_heading\">Sign Up to Receive Valuable Information<\/h2>\n<\/div>\n<\/div><\/div>\n<\/div>\n<\/div>\n<div class=\"seasidetms_row_inner\">\n<div class=\"seasidetms_row_margin\">\n<div id=\"seasidetms_column_l1nmo84blx\" class=\"seasidetms_column one_first\">\n<div class=\"seasidetms_column_inner\">\n<p><\/p>\n<\/div><\/div>\n<\/div>\n<\/div>\n<\/div>\n<\/div>\n<\/div>","protected":false},"excerpt":{"rendered":"","protected":false},"author":2,"featured_media":0,"parent":0,"menu_order":0,"comment_status":"closed","ping_status":"closed","template":"","meta":{"_monsterinsights_skip_tracking":false,"_monsterinsights_sitenote_active":false,"_monsterinsights_sitenote_note":"","_monsterinsights_sitenote_category":0,"footnotes":""},"class_list":["post-14762","page","type-page","status-publish","hentry"],"yoast_head":"<!-- This site is optimized with the Yoast SEO plugin v26.1.1 - https:\/\/yoast.com\/wordpress\/plugins\/seo\/ -->\n<title>nuestra_compania_experiencia - Cotemar<\/title>\n<meta name=\"robots\" content=\"index, follow, max-snippet:-1, max-image-preview:large, max-video-preview:-1\" \/>\n<link rel=\"canonical\" href=\"https:\/\/cotemar.com.mx\/en\/nuestra_compania_experiencia-2\/\" \/>\n<meta property=\"og:locale\" content=\"en_US\" \/>\n<meta property=\"og:type\" content=\"article\" \/>\n<meta property=\"og:title\" content=\"nuestra_compania_experiencia - Cotemar\" \/>\n<meta property=\"og:url\" content=\"https:\/\/cotemar.com.mx\/en\/nuestra_compania_experiencia-2\/\" \/>\n<meta property=\"og:site_name\" content=\"Cotemar\" \/>\n<meta name=\"twitter:card\" content=\"summary_large_image\" \/>\n<meta name=\"twitter:label1\" content=\"Est. reading time\" \/>\n\t<meta name=\"twitter:data1\" content=\"7 minutes\" \/>\n<script type=\"application\/ld+json\" class=\"yoast-schema-graph\">{\"@context\":\"https:\/\/schema.org\",\"@graph\":[{\"@type\":\"WebPage\",\"@id\":\"https:\/\/cotemar.com.mx\/nuestra_compania_experiencia-2\/\",\"url\":\"https:\/\/cotemar.com.mx\/nuestra_compania_experiencia-2\/\",\"name\":\"nuestra_compania_experiencia - Cotemar\",\"isPartOf\":{\"@id\":\"https:\/\/cotemar.com.mx\/#website\"},\"datePublished\":\"2020-04-15T03:53:24+00:00\",\"breadcrumb\":{\"@id\":\"https:\/\/cotemar.com.mx\/nuestra_compania_experiencia-2\/#breadcrumb\"},\"inLanguage\":\"en-US\",\"potentialAction\":[{\"@type\":\"ReadAction\",\"target\":[\"https:\/\/cotemar.com.mx\/nuestra_compania_experiencia-2\/\"]}]},{\"@type\":\"BreadcrumbList\",\"@id\":\"https:\/\/cotemar.com.mx\/nuestra_compania_experiencia-2\/#breadcrumb\",\"itemListElement\":[{\"@type\":\"ListItem\",\"position\":1,\"name\":\"Home\",\"item\":\"https:\/\/cotemar.com.mx\/\"},{\"@type\":\"ListItem\",\"position\":2,\"name\":\"nuestra_compania_experiencia\"}]},{\"@type\":\"WebSite\",\"@id\":\"https:\/\/cotemar.com.mx\/#website\",\"url\":\"https:\/\/cotemar.com.mx\/\",\"name\":\"Cotemar\",\"description\":\"One stop to get it done, and done right\",\"potentialAction\":[{\"@type\":\"SearchAction\",\"target\":{\"@type\":\"EntryPoint\",\"urlTemplate\":\"https:\/\/cotemar.com.mx\/?s={search_term_string}\"},\"query-input\":{\"@type\":\"PropertyValueSpecification\",\"valueRequired\":true,\"valueName\":\"search_term_string\"}}],\"inLanguage\":\"en-US\"}]}<\/script>\n<!-- \/ Yoast SEO plugin. -->","yoast_head_json":{"title":"nuestra_compania_experiencia - Cotemar","robots":{"index":"index","follow":"follow","max-snippet":"max-snippet:-1","max-image-preview":"max-image-preview:large","max-video-preview":"max-video-preview:-1"},"canonical":"https:\/\/cotemar.com.mx\/en\/nuestra_compania_experiencia-2\/","og_locale":"en_US","og_type":"article","og_title":"nuestra_compania_experiencia - Cotemar","og_url":"https:\/\/cotemar.com.mx\/en\/nuestra_compania_experiencia-2\/","og_site_name":"Cotemar","twitter_card":"summary_large_image","twitter_misc":{"Est. reading time":"7 minutes"},"schema":{"@context":"https:\/\/schema.org","@graph":[{"@type":"WebPage","@id":"https:\/\/cotemar.com.mx\/nuestra_compania_experiencia-2\/","url":"https:\/\/cotemar.com.mx\/nuestra_compania_experiencia-2\/","name":"nuestra_compania_experiencia - Cotemar","isPartOf":{"@id":"https:\/\/cotemar.com.mx\/#website"},"datePublished":"2020-04-15T03:53:24+00:00","breadcrumb":{"@id":"https:\/\/cotemar.com.mx\/nuestra_compania_experiencia-2\/#breadcrumb"},"inLanguage":"en-US","potentialAction":[{"@type":"ReadAction","target":["https:\/\/cotemar.com.mx\/nuestra_compania_experiencia-2\/"]}]},{"@type":"BreadcrumbList","@id":"https:\/\/cotemar.com.mx\/nuestra_compania_experiencia-2\/#breadcrumb","itemListElement":[{"@type":"ListItem","position":1,"name":"Home","item":"https:\/\/cotemar.com.mx\/"},{"@type":"ListItem","position":2,"name":"nuestra_compania_experiencia"}]},{"@type":"WebSite","@id":"https:\/\/cotemar.com.mx\/#website","url":"https:\/\/cotemar.com.mx\/","name":"<strong>Cotemar <\/strong>","description":"One stop to get it done, and done right","potentialAction":[{"@type":"SearchAction","target":{"@type":"EntryPoint","urlTemplate":"https:\/\/cotemar.com.mx\/?s={search_term_string}"},"query-input":{"@type":"PropertyValueSpecification","valueRequired":true,"valueName":"search_term_string"}}],"inLanguage":"en-US"}]}},"_links":{"self":[{"href":"https:\/\/cotemar.com.mx\/en\/wp-json\/wp\/v2\/pages\/14762","targetHints":{"allow":["GET"]}}],"collection":[{"href":"https:\/\/cotemar.com.mx\/en\/wp-json\/wp\/v2\/pages"}],"about":[{"href":"https:\/\/cotemar.com.mx\/en\/wp-json\/wp\/v2\/types\/page"}],"author":[{"embeddable":true,"href":"https:\/\/cotemar.com.mx\/en\/wp-json\/wp\/v2\/users\/2"}],"replies":[{"embeddable":true,"href":"https:\/\/cotemar.com.mx\/en\/wp-json\/wp\/v2\/comments?post=14762"}],"version-history":[{"count":1,"href":"https:\/\/cotemar.com.mx\/en\/wp-json\/wp\/v2\/pages\/14762\/revisions"}],"predecessor-version":[{"id":14763,"href":"https:\/\/cotemar.com.mx\/en\/wp-json\/wp\/v2\/pages\/14762\/revisions\/14763"}],"wp:attachment":[{"href":"https:\/\/cotemar.com.mx\/en\/wp-json\/wp\/v2\/media?parent=14762"}],"curies":[{"name":"wp","href":"https:\/\/api.w.org\/{rel}","templated":true}]}}