
{"id":14818,"date":"2020-05-08T23:08:03","date_gmt":"2020-05-08T23:08:03","guid":{"rendered":"https:\/\/cotemar2.quadrant.com.mx\/?page_id=14818"},"modified":"2025-10-31T14:56:50","modified_gmt":"2025-10-31T20:56:50","slug":"experiencia","status":"publish","type":"page","link":"https:\/\/cotemar.com.mx\/en\/experiencia\/","title":{"rendered":"Experience"},"content":{"rendered":"<div id=\"seasidetms_row_txqdjvdlks\" class=\"seasidetms_row seasidetms_color_scheme_default seasidetms_background_responsive_disable seasidetms_row_top_default seasidetms_row_bot_default seasidetms_row_fullwidth\" data-stellar-background-ratio=\"0.5\">\n<div class=\"seasidetms_row_outer_parent\">\n<div class=\"seasidetms_row_outer\">\n<div class=\"seasidetms_row_inner seasidetms_row_fullwidth seasidetms_row_no_margin\">\n<div class=\"seasidetms_row_margin seasidetms_row_columns_behavior\">\n<div id=\"seasidetms_column_y85d5xarx\" class=\"seasidetms_column one_half\">\n<div class=\"seasidetms_column_inner\"><\/div><\/div>\n<div id=\"seasidetms_column_edsriizg0f\" class=\"seasidetms_column one_half\">\n<div class=\"seasidetms_column_inner\"><div id=\"seasidetms_heading_tw2b4rpqz\" class=\"seasidetms_heading_wrap seasidetms_heading_align_left\">\n\t<h2 class=\"seasidetms_heading\">Somos una empresa de servicios para la industria energ\u00e9tica, de relevancia nacional y proyecci\u00f3n internacional, con m\u00e1s de 46 a\u00f1os de experiencia en el mercado.<\/h2>\n<\/div>\n<\/div><\/div>\n<\/div>\n<\/div>\n<\/div>\n<\/div>\n<\/div>\n<div id=\"seasidetms_row_nhk8ormbs\" class=\"seasidetms_row seasidetms_color_scheme_default seasidetms_row_top_default seasidetms_row_bot_default seasidetms_row_boxed\">\n<div class=\"seasidetms_row_outer_parent\">\n<div class=\"seasidetms_row_outer\">\n<div class=\"seasidetms_row_inner\">\n<div class=\"seasidetms_row_margin\">\n<div id=\"seasidetms_column_z7nycz7fm\" class=\"seasidetms_column one_first\">\n<div class=\"seasidetms_column_inner\"><div class=\"seasidetms_text\">\n<p class=\"p1\"><b>Grupo Cotemar Mexico <\/b>was incorporated in 1979 to provide comprehensive offshore exploration and production services in the Gulf of Mexico.<\/p>\n<p class=\"p1\">We began our journey as a professional services provider to supply and operate vessels for personnel accommodation and catering services. Today, with more than 15 vessels and over 6,500 employees, we offer comprehensive solutions for offshore exploration and production (E&amp;P) and construction, which is a difficult combination to find in the industry.<\/p>\n<p class=\"p1\">Throughout our history, we have been involved in more than 70 contracts, all of which were operated and delivered on time. Our experience and infrastructure in the Gulf of Mexico make us your most suitable strategic partner to leverage the opportunities provided by the Mexican energy sector. We understand the challenges that our customers encounter, which is why we optimize the performance of their projects: from logistics to the execution of complex projects.<\/p>\n<p><a href=\"https:\/\/cotemar.com.mx\/en\/centro-de-medios\/\"><strong>Link to: Media Center<\/strong><\/a><\/p>\n<\/div>\n<\/div><\/div>\n<\/div>\n<\/div>\n<\/div>\n<\/div>\n<\/div>\n<div id=\"seasidetms_row_4z1dcer8k7\" class=\"seasidetms_row seasidetms_color_scheme_second seasidetms_row_top_default seasidetms_row_bot_default seasidetms_row_boxed\">\n<div class=\"seasidetms_row_outer_parent\">\n<div class=\"seasidetms_row_outer\">\n<div class=\"seasidetms_row_inner\">\n<div class=\"seasidetms_row_margin\">\n<div id=\"seasidetms_column_ctgwt0motq\" class=\"seasidetms_column one_first\">\n<div class=\"seasidetms_column_inner\"><div id=\"seasidetms_heading_4u0mer50ji\" class=\"seasidetms_heading_wrap seasidetms_heading_align_center\">\n\t<h2 class=\"seasidetms_heading\">OUR  PROFESSIONAL SERVICES<\/h2>\n<\/div><div id=\"seasidetms_counters_d6i6pkty1l\" class=\"seasidetms_counters counters_type_vertical\"><div class=\"seasidetms_counter_wrap one_fourth\">\n<div id=\"seasidetms_counter_rsbnonokwt\" class=\"seasidetms_counter counter_has_image\" data-percent=\"15\">\n<div class=\"seasidetms_counter_inner\">\n<span class=\"seasidetms_counter_counter_wrap\">\n<span class=\"seasidetms_counter_prefix\"><\/span><span class=\"seasidetms_counter_counter\">0<\/span><span class=\"seasidetms_counter_suffix\"><\/span>\n<\/span>\n<span class=\"seasidetms_counter_title\">Vessels<\/span>\n<\/div>\n<\/div>\n<\/div><div class=\"seasidetms_counter_wrap one_fourth\">\n<div id=\"seasidetms_counter_n9zvxijxxv\" class=\"seasidetms_counter counter_has_image\" data-percent=\"6500\">\n<div class=\"seasidetms_counter_inner\">\n<span class=\"seasidetms_counter_counter_wrap\">\n<span class=\"seasidetms_counter_prefix\"><\/span><span class=\"seasidetms_counter_counter\">0<\/span><span class=\"seasidetms_counter_suffix\"><\/span>\n<\/span>\n<span class=\"seasidetms_counter_title\">Employees<\/span>\n<\/div>\n<\/div>\n<\/div><div class=\"seasidetms_counter_wrap one_fourth\">\n<div id=\"seasidetms_counter_lvzu6caoy\" class=\"seasidetms_counter counter_has_image\" data-percent=\"70\">\n<div class=\"seasidetms_counter_inner\">\n<span class=\"seasidetms_counter_counter_wrap\">\n<span class=\"seasidetms_counter_prefix\"><\/span><span class=\"seasidetms_counter_counter\">0<\/span><span class=\"seasidetms_counter_suffix\"><\/span>\n<\/span>\n<span class=\"seasidetms_counter_title\">Contracts, all of which were operated and delivered on time<\/span>\n<\/div>\n<\/div>\n<\/div><div class=\"seasidetms_counter_wrap one_fourth\">\n<div id=\"seasidetms_counter_677gjdy0ce\" class=\"seasidetms_counter counter_has_image\" data-percent=\"43\">\n<div class=\"seasidetms_counter_inner\">\n<span class=\"seasidetms_counter_counter_wrap\">\n<span class=\"seasidetms_counter_prefix\"><\/span><span class=\"seasidetms_counter_counter\">0<\/span><span class=\"seasidetms_counter_suffix\"><\/span>\n<\/span>\n<span class=\"seasidetms_counter_title\">Years of experience<\/span>\n<\/div>\n<\/div>\n<\/div><\/div>\n<\/div><\/div>\n<\/div>\n<\/div>\n<\/div>\n<\/div>\n<\/div>\n<div id=\"seasidetms_row_lt38vsel5c\" class=\"seasidetms_row seasidetms_color_scheme_default seasidetms_row_top_default seasidetms_row_bot_default seasidetms_row_fullwidth\">\n<div class=\"seasidetms_row_outer_parent\">\n<div class=\"seasidetms_row_outer\">\n<div class=\"seasidetms_row_inner seasidetms_row_fullwidth seasidetms_row_no_margin\">\n<div class=\"seasidetms_row_margin\">\n<div id=\"seasidetms_column_1dqpl4otyc\" class=\"seasidetms_column one_first\">\n<div class=\"seasidetms_column_inner\">\n<div id=\"seasidetms_divider_8oeteayll\" class=\"seasidetms_divider seasidetms_divider_width_long seasidetms_divider_pos_center\"><\/div>\n<\/div><\/div>\n<\/div>\n<\/div>\n<\/div>\n<\/div>\n<\/div>\n<div id=\"seasidetms_row_ali5vjn5g\" class=\"seasidetms_row seasidetms_color_scheme_default seasidetms_row_top_default seasidetms_row_bot_default seasidetms_row_boxed\">\n<div class=\"seasidetms_row_outer_parent\">\n<div class=\"seasidetms_row_outer\">\n<div class=\"seasidetms_row_inner\">\n<div class=\"seasidetms_row_margin\">\n<div id=\"seasidetms_column_\" class=\"seasidetms_column one_first\">\n<div class=\"seasidetms_column_inner\"><div id=\"seasidetms_heading_ccy5cc1abl\" class=\"seasidetms_heading_wrap seasidetms_heading_align_left\">\n\t<h2 class=\"seasidetms_heading\">CONTACT<\/h2>\n<\/div>\n<div class=\"seasidetms_contact_form\"><div class=\"seasidetms-form-builder\">\n<div class=\"seasidetms_notice seasidetms_notice_success seasidetms_theme_icon_check success_box\" style=\"display:none;\">\n<div class=\"notice_icon\"><\/div>\n<div class=\"notice_content\">\n<p>Gracias! tu mensaje ha sido enviado.<\/p>\n<\/div>\n<\/div>\n<script type=\"text\/javascript\"> \nvar captchaWidgetRender = []; \nvar validateCaptcha = function(){\r\n\t\t\t\t\t\t\tcaptchaWidgetRender.forEach(function(item_fn){\r\n\t\t\t\t\t\t\t\tif(typeof item_fn === \"function\"){\r\n\t\t\t\t\t\t\t\t\titem_fn();\r\n\t\t\t\t\t\t\t\t}\r\n\t\t\t\t\t\t\t});\r\n\t\t\t\t\t\t};\njQuery(document).ready(function () { \n\tjQuery('#form_15491').validationEngine('attach', { \n\t\tpromptPosition : 'topRight', \n\t\tscroll : false, \n\t\tautoPositionUpdate : true, \n\t\tshowArrow : false \n\t\t} ); \n\tjQuery('#form_15491 a#seasidetms_15491_formsend').click(function () { \n\t\tjQuery('#form_15491 .loading').animate( { opacity : 1 } , 250); \n\t\tif (jQuery('#form_15491').validationEngine('validate')) { \n\t\t\tjQuery.post('https:\/\/cotemar.com.mx\/wp-content\/plugins\/seasidetms-contact-form-builder\/inc\/form-builder-sendmail.php', { \n\t\t\t\tseasidetms_nombre_4 : jQuery('#seasidetms_nombre_4').val(), \n\t\t\t\tseasidetms_email_6 : jQuery('#seasidetms_email_6').val(), \n\t\t\t\tseasidetms_mensaje_4 : jQuery('#seasidetms_mensaje_4').val(), \n\t\t\t\tcontactemail : 'MTU0OTF8ZXhhbXBsZUBkb21haW4uY29tfDE1NDkx', \n\t\t\t\tformname : '15491' \r\t\t\t}, function (data) { \n\t\t\t\tjQuery('#form_15491 .loading').animate( { opacity : 0 } , 250); \n\t\t\t\tjQuery('#form_15491').fadeOut('slow'); \n\t\t\t\tdocument.getElementById('form_15491').reset(); \n\t\t\t\tjQuery('#form_15491').parent().find('.box').hide(); \n\t\t\t\tjQuery('#form_15491').parent().find('.success_box').fadeIn('fast'); \n\t\t\t\tjQuery('html, body').animate( { scrollTop : jQuery('#form_15491').offset().top - 140 } , 'slow'); \n\t\t\t\tjQuery('#form_15491').parent().find('.success_box').delay(5000).fadeOut(1000, function () { \n\t\t\t\t\tjQuery('#form_15491').fadeIn('slow'); \r\t\t\t\t} ); \r\t\t\t} ); \n\t\t\treturn false; \r\t\t} else { \n\t\t\tjQuery('#form_15491 .loading').animate( { opacity : 0 } , 250); \n\t\t\treturn false; \r\t\t} \r\t} ); \r} ); \n<\/script>\n<form action=\"#\" method=\"post\" id=\"form_15491\" data-trp-original-action=\"#\">\n\n<div class=\"form_info seasidetms_input one_half\">\n\t<div class=\"form_field_wrap\">\n\t\t<input type=\"text\" name=\"seasidetms_nombre_4\" id=\"seasidetms_nombre_4\" value=\"\" size=\"35\" class=\"validate[required]\" placeholder=\"Name\" \/>\r\t<\/div>\n<\/div>\n<div class=\"form_info seasidetms_input one_half\">\n\t<div class=\"form_field_wrap\">\n\t\t<input type=\"text\" name=\"seasidetms_email_6\" id=\"seasidetms_email_6\" value=\"\" size=\"35\" class=\"validate[required,custom[email]]\" placeholder=\"Email\" \/>\r\t<\/div>\n<\/div>\n<div class=\"form_info seasidetms_textarea one_first\">\n\t<div class=\"form_field_wrap\">\n\t\t<textarea name=\"seasidetms_mensaje_4\" id=\"seasidetms_mensaje_4\" cols=\"60\" rows=\"10\" class=\"validate[required,minSize[10],maxSize[150]]\" placeholder=\"Message\"><\/textarea>\r\t<\/div>\n<\/div>\n<div class=\"cl\"><\/div>\n<div class=\"loading\"><\/div>\n<div class=\"form_info submit_wrap\">\n<a id=\"seasidetms_15491_formsend\" class=\"seasidetms_button\" href=\"#\"><span>Send<\/span><\/a>\n<\/div>\n<div class=\"cl\"><\/div>\n<input type=\"hidden\" name=\"trp-form-language\" value=\"en\"\/><\/form>\n<\/div><\/div>\n<\/div><\/div>\n<\/div>\n<\/div>\n<\/div>\n<\/div>\n<\/div>","protected":false},"excerpt":{"rendered":"","protected":false},"author":2,"featured_media":0,"parent":0,"menu_order":0,"comment_status":"closed","ping_status":"closed","template":"","meta":{"_monsterinsights_skip_tracking":false,"_monsterinsights_sitenote_active":false,"_monsterinsights_sitenote_note":"","_monsterinsights_sitenote_category":0,"footnotes":""},"class_list":["post-14818","page","type-page","status-publish","hentry"],"yoast_head":"<!-- This site is optimized with the Yoast SEO plugin v26.1.1 - https:\/\/yoast.com\/wordpress\/plugins\/seo\/ -->\n<title>Experiencia - Cotemar<\/title>\n<meta name=\"robots\" content=\"index, follow, max-snippet:-1, max-image-preview:large, max-video-preview:-1\" \/>\n<link rel=\"canonical\" href=\"https:\/\/cotemar.com.mx\/en\/experiencia\/\" \/>\n<meta property=\"og:locale\" content=\"en_US\" \/>\n<meta property=\"og:type\" content=\"article\" \/>\n<meta property=\"og:title\" content=\"Experiencia - Cotemar\" \/>\n<meta property=\"og:url\" content=\"https:\/\/cotemar.com.mx\/en\/experiencia\/\" \/>\n<meta property=\"og:site_name\" content=\"Cotemar\" \/>\n<meta property=\"article:modified_time\" content=\"2025-10-31T20:56:50+00:00\" \/>\n<meta name=\"twitter:card\" content=\"summary_large_image\" \/>\n<meta name=\"twitter:label1\" content=\"Est. reading time\" \/>\n\t<meta name=\"twitter:data1\" content=\"2 minutes\" \/>\n<script type=\"application\/ld+json\" class=\"yoast-schema-graph\">{\"@context\":\"https:\/\/schema.org\",\"@graph\":[{\"@type\":\"WebPage\",\"@id\":\"https:\/\/cotemar.com.mx\/experiencia\/\",\"url\":\"https:\/\/cotemar.com.mx\/experiencia\/\",\"name\":\"Experiencia - Cotemar\",\"isPartOf\":{\"@id\":\"https:\/\/cotemar.com.mx\/#website\"},\"datePublished\":\"2020-05-08T23:08:03+00:00\",\"dateModified\":\"2025-10-31T20:56:50+00:00\",\"breadcrumb\":{\"@id\":\"https:\/\/cotemar.com.mx\/experiencia\/#breadcrumb\"},\"inLanguage\":\"en-US\",\"potentialAction\":[{\"@type\":\"ReadAction\",\"target\":[\"https:\/\/cotemar.com.mx\/experiencia\/\"]}]},{\"@type\":\"BreadcrumbList\",\"@id\":\"https:\/\/cotemar.com.mx\/experiencia\/#breadcrumb\",\"itemListElement\":[{\"@type\":\"ListItem\",\"position\":1,\"name\":\"Home\",\"item\":\"https:\/\/cotemar.com.mx\/\"},{\"@type\":\"ListItem\",\"position\":2,\"name\":\"Experiencia\"}]},{\"@type\":\"WebSite\",\"@id\":\"https:\/\/cotemar.com.mx\/#website\",\"url\":\"https:\/\/cotemar.com.mx\/\",\"name\":\"Cotemar\",\"description\":\"One stop to get it done, and done right\",\"potentialAction\":[{\"@type\":\"SearchAction\",\"target\":{\"@type\":\"EntryPoint\",\"urlTemplate\":\"https:\/\/cotemar.com.mx\/?s={search_term_string}\"},\"query-input\":{\"@type\":\"PropertyValueSpecification\",\"valueRequired\":true,\"valueName\":\"search_term_string\"}}],\"inLanguage\":\"en-US\"}]}<\/script>\n<!-- \/ Yoast SEO plugin. -->","yoast_head_json":{"title":"Experiencia - Cotemar","robots":{"index":"index","follow":"follow","max-snippet":"max-snippet:-1","max-image-preview":"max-image-preview:large","max-video-preview":"max-video-preview:-1"},"canonical":"https:\/\/cotemar.com.mx\/en\/experiencia\/","og_locale":"en_US","og_type":"article","og_title":"Experiencia - Cotemar","og_url":"https:\/\/cotemar.com.mx\/en\/experiencia\/","og_site_name":"Cotemar","article_modified_time":"2025-10-31T20:56:50+00:00","twitter_card":"summary_large_image","twitter_misc":{"Est. reading time":"2 minutes"},"schema":{"@context":"https:\/\/schema.org","@graph":[{"@type":"WebPage","@id":"https:\/\/cotemar.com.mx\/experiencia\/","url":"https:\/\/cotemar.com.mx\/experiencia\/","name":"Experiencia - Cotemar","isPartOf":{"@id":"https:\/\/cotemar.com.mx\/#website"},"datePublished":"2020-05-08T23:08:03+00:00","dateModified":"2025-10-31T20:56:50+00:00","breadcrumb":{"@id":"https:\/\/cotemar.com.mx\/experiencia\/#breadcrumb"},"inLanguage":"en-US","potentialAction":[{"@type":"ReadAction","target":["https:\/\/cotemar.com.mx\/experiencia\/"]}]},{"@type":"BreadcrumbList","@id":"https:\/\/cotemar.com.mx\/experiencia\/#breadcrumb","itemListElement":[{"@type":"ListItem","position":1,"name":"Home","item":"https:\/\/cotemar.com.mx\/"},{"@type":"ListItem","position":2,"name":"Experiencia"}]},{"@type":"WebSite","@id":"https:\/\/cotemar.com.mx\/#website","url":"https:\/\/cotemar.com.mx\/","name":"<strong>Cotemar <\/strong>","description":"One stop to get it done, and done right","potentialAction":[{"@type":"SearchAction","target":{"@type":"EntryPoint","urlTemplate":"https:\/\/cotemar.com.mx\/?s={search_term_string}"},"query-input":{"@type":"PropertyValueSpecification","valueRequired":true,"valueName":"search_term_string"}}],"inLanguage":"en-US"}]}},"_links":{"self":[{"href":"https:\/\/cotemar.com.mx\/en\/wp-json\/wp\/v2\/pages\/14818","targetHints":{"allow":["GET"]}}],"collection":[{"href":"https:\/\/cotemar.com.mx\/en\/wp-json\/wp\/v2\/pages"}],"about":[{"href":"https:\/\/cotemar.com.mx\/en\/wp-json\/wp\/v2\/types\/page"}],"author":[{"embeddable":true,"href":"https:\/\/cotemar.com.mx\/en\/wp-json\/wp\/v2\/users\/2"}],"replies":[{"embeddable":true,"href":"https:\/\/cotemar.com.mx\/en\/wp-json\/wp\/v2\/comments?post=14818"}],"version-history":[{"count":83,"href":"https:\/\/cotemar.com.mx\/en\/wp-json\/wp\/v2\/pages\/14818\/revisions"}],"predecessor-version":[{"id":19902,"href":"https:\/\/cotemar.com.mx\/en\/wp-json\/wp\/v2\/pages\/14818\/revisions\/19902"}],"wp:attachment":[{"href":"https:\/\/cotemar.com.mx\/en\/wp-json\/wp\/v2\/media?parent=14818"}],"curies":[{"name":"wp","href":"https:\/\/api.w.org\/{rel}","templated":true}]}}