
{"id":15073,"date":"2020-05-13T21:57:16","date_gmt":"2020-05-14T02:57:16","guid":{"rendered":"https:\/\/cotemar2.quadrant.com.mx\/?page_id=15073"},"modified":"2025-08-06T12:38:26","modified_gmt":"2025-08-06T18:38:26","slug":"nuestras-certificaciones","status":"publish","type":"page","link":"https:\/\/cotemar.com.mx\/en\/nuestras-certificaciones\/","title":{"rendered":"Our Certifications"},"content":{"rendered":"<p><h2>OUR CERTIFICATIONS<\/h2>\n<p>We are a <strong>world-class sustainable company <\/strong>that operates in conformity with the highest ethical levels of performance.<\/p>\n<p>We compete under a<strong> quality and service framework <\/strong>and therefore, our certifications represent a competitive advantage for our customers.<\/p>\n<p><img decoding=\"async\" src=\"https:\/\/cotemar.com.mx\/wp-content\/uploads\/2020\/05\/ISO.png\" \/><\/p>\n<p>Estamos certificados bajo la norma <strong>ISO 9001:2015 <\/strong> Our business activities are certified under the ISO 9001:2015 standard, which guarantees that our operating processes are effective.<\/p>\n<p><img decoding=\"async\" src=\"https:\/\/cotemar.com.mx\/wp-content\/uploads\/2020\/05\/achilles.png\" \/><\/p>\n<p class=\"translation-block\">Cotemar was audited by <strong>Achilles<\/strong>, a global leader in supply chain risk management and performance for different sectors, on matters regarding Corporate Social Responsibility, Health Safety, Quality and Management, Environment, and Human Resources, based on the standards of the Supplier Information Management Community for the South American Oil and Gas Industry (SICLAR). As a result of this audit, Achillies confirmed that no non-compliances were detected.<\/p>\n<p><img decoding=\"async\" src=\"https:\/\/cotemar.com.mx\/wp-content\/uploads\/2020\/05\/pemex.png\" \/><\/p>\n<p class=\"translation-block\"><strong>PEMEX <\/strong>: recognized us as a Reliable Supplier.<\/p>\n<p><img decoding=\"async\" src=\"https:\/\/cotemar.com.mx\/wp-content\/uploads\/2020\/05\/safty_managment.png\" \/><\/p>\n<p><strong>Safety Management System <\/strong> : Our marine safety activities are approved by the International Safety Management Code, and Det Norske Veritas granted us the International Air Pollution Prevention Certificate.<\/p>\n<p><img decoding=\"async\" src=\"https:\/\/cotemar.com.mx\/wp-content\/uploads\/2020\/05\/isp.png\" \/><\/p>\n<p><strong>ISPS-PBIP <\/strong>: This code provides an international cooperation framework to detect security threats and adopt preventive measures. It also defines roles and responsibilities at the national and international levels, ensures the collection and exchange of information, provides a methodology for performing protection assessments, and provides assurance that adequate protection measures are in place.<\/p>\n<p><img decoding=\"async\" src=\"https:\/\/cotemar.com.mx\/wp-content\/uploads\/2020\/05\/empresa_responsable.png\" \/><\/p>\n<p><strong>SRC <\/strong>: <span style=\"font-weight: 400;\">Por onceavo a\u00f1o consecutivo recibimos el distintivo como Empresa Socialmente Responsable por nuestra dedicaci\u00f3n y compromiso con el bienestar de nuestros colaboradores, el cuidado y la protecci\u00f3n del medio ambiente y la vinculaci\u00f3n con la comunidad.<\/span><\/p>\n<p><img decoding=\"async\" src=\"https:\/\/cotemar.com.mx\/wp-content\/uploads\/2020\/05\/marpol.png\" \/><\/p>\n<p><strong>MARPOL <\/strong> : is a set of regulations compiled in six Annexes that contain rules that include different polluting sources caused by vessels. A compliance certificate is awarded for each Annex.<\/p>\n<p><img decoding=\"async\" src=\"https:\/\/cotemar.com.mx\/wp-content\/uploads\/2020\/05\/ISO14001.png\" \/><\/p>\n<p class=\"translation-block\"><strong>ISO 14001:2015<\/strong> : Our maintenance and construction business line for onshore and offshore oil facilities are certified under the ISO 14001:2015 standard, which assures that we care for the environment.<\/p>\n<p><img decoding=\"async\" src=\"https:\/\/cotemar.com.mx\/wp-content\/uploads\/2020\/05\/OHSAS.png\" \/><\/p>\n<p><strong>OHSAS 18001:2007 <\/strong>: Our maintenance and construction business line for onshore and offshore oil facilities are certified under the OHSAS 18001:2007 standard, which ensures the health and safety of all our employees.<\/p>\n<p><img decoding=\"async\" src=\"https:\/\/cotemar.com.mx\/wp-content\/uploads\/2020\/05\/ISO9001.png\" \/><\/p>\n<p><strong>Quality System Certification <\/strong>: Our entire fleet is certified under the ISO 9001 standard, in trend analysis in the indicators, a quality management system that provides us with indicators that will help us improve the performance of our operation, using a Check-Do-Check methodology<\/p>\n<p><img decoding=\"async\" src=\"https:\/\/cotemar.com.mx\/wp-content\/uploads\/2020\/05\/industria_limpia.png\" \/><\/p>\n<p><strong>Clean Industry Certificate <\/strong>We received the Healthy and Safe Company (Healthy and Safe Company) Award from the Ministry of Labor, as well as the Clean Industry\/Environmental Quality Certificate from the Federal Environmental Protection Bureau.<\/p>\n<p><img decoding=\"async\" src=\"https:\/\/cotemar.com.mx\/wp-content\/uploads\/2020\/07\/trace_logo.png\" \/><\/p>\n<p><strong>TRACE <\/strong>Certification in global anti-corruption regulations.<\/p>\n<p><img decoding=\"async\" src=\"https:\/\/cotemar.com.mx\/wp-content\/uploads\/2020\/07\/ORS_logo.png\" \/><\/p>\n<p><strong>ORS <\/strong>: Por tercer a\u00f1o consecutivo recibimos el Distintivo Organizaci\u00f3n Responsablemente Saludable ORS\u00ae 2021, que otorga el Consejo Empresarial de Salud y Bienestar, CESyB, el organismo que promueve la salud y los entornos favorables al bienestar en el lugar de trabajo en M\u00e9xico, desde hace doce a\u00f1os.<\/p>\n<p>El CESyB destac\u00f3 el compromiso de Grupo Cotemar por obtener el nivel \u201cSostenimiento\u201d, por su programa \u201cBalance Cotemar\u201d, destacando el esfuerzo de la organizaci\u00f3n por mejorar la salud y la calidad de vida de los colaboradores y sus familias.<\/p>\n<p>.<\/p>\n<p><img decoding=\"async\" src=\"https:\/\/cotemar.com.mx\/wp-content\/uploads\/2020\/07\/STPS_logo.png\" \/><\/p>\n<p><strong>Third Level Safe Company <\/strong>: Certificate awarded by the Ministry of Labor (STPS, Spanish acronym) recognizing Cotemar as a company that operates under national and international standards regarding occupational health and safety.<\/p>\n<p> <img decoding=\"async\" src=\"https:\/\/cotemar.com.mx\/wp-content\/uploads\/2021\/01\/GPTW_logo.png\" alt=\"Great Place to Work\" \/><\/p>\n<p>\u00a0<\/p>\n<p><strong>Great Place to Work <\/strong>: Por segundo a\u00f1o consecutivo, Cotemar recibi\u00f3 la certificaci\u00f3n Great Place to Work, la cual reconoce la cultura organizacional de la empresa como de alta confianza, al estar sustentada en la credibilidad, el respeto, la imparcialidad, el orgullo de pertenencia y el compa\u00f1erismo.<\/p>\n<p> <img decoding=\"async\" src=\"https:\/\/cotemar.com.mx\/wp-content\/uploads\/2021\/07\/ISO_45001.jpeg \" alt=\"ISO 45001:2018\" \/><\/p>\n<p><strong>ISO 45001:2018<\/strong>: Certification in Occupational Health and Safety Management Systems.<\/p>\n<p> <img decoding=\"async\" id=\"logoSquare\" src=\"https:\/\/cotemar.com.mx\/wp-content\/uploads\/2021\/07\/ISO_IEC.jpeg\" \/><\/p>\n<p>\u00a0<\/p>\n<p><strong>ISO\/IEC 27001 : 2013<\/strong>: Certification in Information Security Management Systems.<\/p>\n<p> <img decoding=\"async\" src=\"https:\/\/cotemar.com.mx\/wp-content\/uploads\/2021\/07\/ISN_logo.jpeg\" alt=\"ISN logo\" \/><\/p>\n<p><strong>ISNetworld\u00ae\ufe0f<\/strong>: Certification in Information Security Management Systems.<\/p>\n<p>\u00a0<\/p>\n<p>\u00a0<\/p>\n<p>\u00a0<\/p>\n<p>\u00a0<\/p>\n<p> \u00a0<img loading=\"lazy\" decoding=\"async\" src=\"https:\/\/cotemar.com.mx\/wp-content\/uploads\/2025\/08\/Aenor-IQNet.jpeg\" alt=\"\" width=\"447\" height=\"211\" \/><\/p>\n<p>\u00a0<\/p>\n<p><strong>Certificaci\u00f3n IQNet SR10<\/strong>: Certificaci\u00f3n que verifica y valida la implementaci\u00f3n del Sistema de Gesti\u00f3n de Responsabilidad Social, siendo Cotemar la primera empresa en M\u00e9xico, y la \u00fanica en el sector energ\u00e9tico mundial, en contar con una certificaci\u00f3n de ese tipo.<\/p>\n<h2>CONTACT<\/h2>\n<p>Gracias! tu mensaje ha sido enviado.<\/p>\n<p><a id=\"seasidetms_15491_formsend\" href=\"#\"><span>Send<\/span><\/a><\/p>","protected":false},"excerpt":{"rendered":"<p>NUESTRAS CERTIFICACIONES Somos una empresa sustentable de clase mundial ,\u00a0que opera bajo los m\u00e1s altos niveles \u00e9ticos de desempe\u00f1o. Competimos en un marco de calidad y servicio , por lo que nuestras certificaciones representan una ventaja competitiva para nuestros clientes. Estamos certificados bajo la norma ISO 9001:2015 para nuestras actividades de negocio, asegurando as\u00ed que&#8230;<\/p>","protected":false},"author":2,"featured_media":0,"parent":0,"menu_order":0,"comment_status":"closed","ping_status":"closed","template":"","meta":{"_monsterinsights_skip_tracking":false,"_monsterinsights_sitenote_active":false,"_monsterinsights_sitenote_note":"","_monsterinsights_sitenote_category":0,"footnotes":""},"class_list":["post-15073","page","type-page","status-publish","hentry"],"yoast_head":"<!-- This site is optimized with the Yoast SEO plugin v26.1.1 - https:\/\/yoast.com\/wordpress\/plugins\/seo\/ -->\n<title>Nuestras certificaciones - Cotemar<\/title>\n<meta name=\"robots\" content=\"index, follow, max-snippet:-1, max-image-preview:large, max-video-preview:-1\" \/>\n<link rel=\"canonical\" href=\"https:\/\/cotemar.com.mx\/en\/nuestras-certificaciones\/\" \/>\n<meta property=\"og:locale\" content=\"en_US\" \/>\n<meta property=\"og:type\" content=\"article\" \/>\n<meta property=\"og:title\" content=\"Nuestras certificaciones - Cotemar\" \/>\n<meta property=\"og:description\" content=\"NUESTRAS CERTIFICACIONES Somos una empresa sustentable de clase mundial ,\u00a0que opera bajo los m\u00e1s altos niveles \u00e9ticos de desempe\u00f1o. Competimos en un marco de calidad y servicio , por lo que nuestras certificaciones representan una ventaja competitiva para nuestros clientes. Estamos certificados bajo la norma ISO 9001:2015 para nuestras actividades de negocio, asegurando as\u00ed que...\" \/>\n<meta property=\"og:url\" content=\"https:\/\/cotemar.com.mx\/en\/nuestras-certificaciones\/\" \/>\n<meta property=\"og:site_name\" content=\"Cotemar\" \/>\n<meta property=\"article:modified_time\" content=\"2025-08-06T18:38:26+00:00\" \/>\n<meta property=\"og:image\" content=\"https:\/\/cotemar.com.mx\/wp-content\/uploads\/2020\/05\/ISO.png\" \/>\n<meta name=\"twitter:card\" content=\"summary_large_image\" \/>\n<meta name=\"twitter:label1\" content=\"Est. reading time\" \/>\n\t<meta name=\"twitter:data1\" content=\"8 minutes\" \/>\n<script type=\"application\/ld+json\" class=\"yoast-schema-graph\">{\"@context\":\"https:\/\/schema.org\",\"@graph\":[{\"@type\":\"WebPage\",\"@id\":\"https:\/\/cotemar.com.mx\/nuestras-certificaciones\/\",\"url\":\"https:\/\/cotemar.com.mx\/nuestras-certificaciones\/\",\"name\":\"Nuestras certificaciones - Cotemar\",\"isPartOf\":{\"@id\":\"https:\/\/cotemar.com.mx\/#website\"},\"primaryImageOfPage\":{\"@id\":\"https:\/\/cotemar.com.mx\/nuestras-certificaciones\/#primaryimage\"},\"image\":{\"@id\":\"https:\/\/cotemar.com.mx\/nuestras-certificaciones\/#primaryimage\"},\"thumbnailUrl\":\"https:\/\/cotemar.com.mx\/wp-content\/uploads\/2020\/05\/ISO.png\",\"datePublished\":\"2020-05-14T02:57:16+00:00\",\"dateModified\":\"2025-08-06T18:38:26+00:00\",\"breadcrumb\":{\"@id\":\"https:\/\/cotemar.com.mx\/nuestras-certificaciones\/#breadcrumb\"},\"inLanguage\":\"en-US\",\"potentialAction\":[{\"@type\":\"ReadAction\",\"target\":[\"https:\/\/cotemar.com.mx\/nuestras-certificaciones\/\"]}]},{\"@type\":\"ImageObject\",\"inLanguage\":\"en-US\",\"@id\":\"https:\/\/cotemar.com.mx\/nuestras-certificaciones\/#primaryimage\",\"url\":\"https:\/\/cotemar.com.mx\/wp-content\/uploads\/2020\/05\/ISO.png\",\"contentUrl\":\"https:\/\/cotemar.com.mx\/wp-content\/uploads\/2020\/05\/ISO.png\"},{\"@type\":\"BreadcrumbList\",\"@id\":\"https:\/\/cotemar.com.mx\/nuestras-certificaciones\/#breadcrumb\",\"itemListElement\":[{\"@type\":\"ListItem\",\"position\":1,\"name\":\"Home\",\"item\":\"https:\/\/cotemar.com.mx\/\"},{\"@type\":\"ListItem\",\"position\":2,\"name\":\"Nuestras certificaciones\"}]},{\"@type\":\"WebSite\",\"@id\":\"https:\/\/cotemar.com.mx\/#website\",\"url\":\"https:\/\/cotemar.com.mx\/\",\"name\":\"Cotemar\",\"description\":\"One stop to get it done, and done right\",\"potentialAction\":[{\"@type\":\"SearchAction\",\"target\":{\"@type\":\"EntryPoint\",\"urlTemplate\":\"https:\/\/cotemar.com.mx\/?s={search_term_string}\"},\"query-input\":{\"@type\":\"PropertyValueSpecification\",\"valueRequired\":true,\"valueName\":\"search_term_string\"}}],\"inLanguage\":\"en-US\"}]}<\/script>\n<!-- \/ Yoast SEO plugin. -->","yoast_head_json":{"title":"Nuestras certificaciones - Cotemar","robots":{"index":"index","follow":"follow","max-snippet":"max-snippet:-1","max-image-preview":"max-image-preview:large","max-video-preview":"max-video-preview:-1"},"canonical":"https:\/\/cotemar.com.mx\/en\/nuestras-certificaciones\/","og_locale":"en_US","og_type":"article","og_title":"Nuestras certificaciones - Cotemar","og_description":"NUESTRAS CERTIFICACIONES Somos una empresa sustentable de clase mundial ,\u00a0que opera bajo los m\u00e1s altos niveles \u00e9ticos de desempe\u00f1o. Competimos en un marco de calidad y servicio , por lo que nuestras certificaciones representan una ventaja competitiva para nuestros clientes. Estamos certificados bajo la norma ISO 9001:2015 para nuestras actividades de negocio, asegurando as\u00ed que...","og_url":"https:\/\/cotemar.com.mx\/en\/nuestras-certificaciones\/","og_site_name":"Cotemar","article_modified_time":"2025-08-06T18:38:26+00:00","og_image":[{"url":"https:\/\/cotemar.com.mx\/wp-content\/uploads\/2020\/05\/ISO.png","type":"","width":"","height":""}],"twitter_card":"summary_large_image","twitter_misc":{"Est. reading time":"8 minutes"},"schema":{"@context":"https:\/\/schema.org","@graph":[{"@type":"WebPage","@id":"https:\/\/cotemar.com.mx\/nuestras-certificaciones\/","url":"https:\/\/cotemar.com.mx\/nuestras-certificaciones\/","name":"Nuestras certificaciones - Cotemar","isPartOf":{"@id":"https:\/\/cotemar.com.mx\/#website"},"primaryImageOfPage":{"@id":"https:\/\/cotemar.com.mx\/nuestras-certificaciones\/#primaryimage"},"image":{"@id":"https:\/\/cotemar.com.mx\/nuestras-certificaciones\/#primaryimage"},"thumbnailUrl":"https:\/\/cotemar.com.mx\/wp-content\/uploads\/2020\/05\/ISO.png","datePublished":"2020-05-14T02:57:16+00:00","dateModified":"2025-08-06T18:38:26+00:00","breadcrumb":{"@id":"https:\/\/cotemar.com.mx\/nuestras-certificaciones\/#breadcrumb"},"inLanguage":"en-US","potentialAction":[{"@type":"ReadAction","target":["https:\/\/cotemar.com.mx\/nuestras-certificaciones\/"]}]},{"@type":"ImageObject","inLanguage":"en-US","@id":"https:\/\/cotemar.com.mx\/nuestras-certificaciones\/#primaryimage","url":"https:\/\/cotemar.com.mx\/wp-content\/uploads\/2020\/05\/ISO.png","contentUrl":"https:\/\/cotemar.com.mx\/wp-content\/uploads\/2020\/05\/ISO.png"},{"@type":"BreadcrumbList","@id":"https:\/\/cotemar.com.mx\/nuestras-certificaciones\/#breadcrumb","itemListElement":[{"@type":"ListItem","position":1,"name":"Home","item":"https:\/\/cotemar.com.mx\/"},{"@type":"ListItem","position":2,"name":"Nuestras certificaciones"}]},{"@type":"WebSite","@id":"https:\/\/cotemar.com.mx\/#website","url":"https:\/\/cotemar.com.mx\/","name":"<strong>Cotemar <\/strong>","description":"One stop to get it done, and done right","potentialAction":[{"@type":"SearchAction","target":{"@type":"EntryPoint","urlTemplate":"https:\/\/cotemar.com.mx\/?s={search_term_string}"},"query-input":{"@type":"PropertyValueSpecification","valueRequired":true,"valueName":"search_term_string"}}],"inLanguage":"en-US"}]}},"_links":{"self":[{"href":"https:\/\/cotemar.com.mx\/en\/wp-json\/wp\/v2\/pages\/15073","targetHints":{"allow":["GET"]}}],"collection":[{"href":"https:\/\/cotemar.com.mx\/en\/wp-json\/wp\/v2\/pages"}],"about":[{"href":"https:\/\/cotemar.com.mx\/en\/wp-json\/wp\/v2\/types\/page"}],"author":[{"embeddable":true,"href":"https:\/\/cotemar.com.mx\/en\/wp-json\/wp\/v2\/users\/2"}],"replies":[{"embeddable":true,"href":"https:\/\/cotemar.com.mx\/en\/wp-json\/wp\/v2\/comments?post=15073"}],"version-history":[{"count":71,"href":"https:\/\/cotemar.com.mx\/en\/wp-json\/wp\/v2\/pages\/15073\/revisions"}],"predecessor-version":[{"id":19816,"href":"https:\/\/cotemar.com.mx\/en\/wp-json\/wp\/v2\/pages\/15073\/revisions\/19816"}],"wp:attachment":[{"href":"https:\/\/cotemar.com.mx\/en\/wp-json\/wp\/v2\/media?parent=15073"}],"curies":[{"name":"wp","href":"https:\/\/api.w.org\/{rel}","templated":true}]}}