
{"id":15122,"date":"2020-05-14T00:03:36","date_gmt":"2020-05-14T05:03:36","guid":{"rendered":"https:\/\/cotemar2.quadrant.com.mx\/?page_id=15122"},"modified":"2022-02-08T12:28:36","modified_gmt":"2022-02-08T18:28:36","slug":"empatia-social","status":"publish","type":"page","link":"https:\/\/cotemar.com.mx\/en\/empatia-social\/","title":{"rendered":"Social Empathy"},"content":{"rendered":"<div id=\"seasidetms_row_txqdjvdlks\" class=\"seasidetms_row seasidetms_color_scheme_default seasidetms_background_responsive_disable seasidetms_row_top_default seasidetms_row_bot_default seasidetms_row_fullwidth\">\n<div class=\"seasidetms_row_outer_parent\">\n<div class=\"seasidetms_row_outer\">\n<div class=\"seasidetms_row_inner seasidetms_row_fullwidth seasidetms_row_no_margin\">\n<div class=\"seasidetms_row_margin seasidetms_row_columns_behavior\">\n<div id=\"seasidetms_column_y85d5xarx\" class=\"seasidetms_column one_half\">\n<div class=\"seasidetms_column_inner\"><div id=\"seasidetms_heading_tw2b4rpqz\" class=\"seasidetms_heading_wrap seasidetms_heading_align_left\">\n\t<h2 class=\"seasidetms_heading\">Our business commitment includes the wellbeing of our people, the development of our communities, and our country, as well as caring for the environment and comprehensive corporate governance.<\/h2>\n<\/div>\n<div id=\"seasidetms_divider_lz0c99nry\" class=\"cl\"><\/div>\n<p><\/p>\n<\/div><\/div>\n<div id=\"seasidetms_column_pjq3q3461g\" class=\"seasidetms_column one_half\">\n<div class=\"seasidetms_column_inner\"><\/div><\/div>\n<\/div>\n<\/div>\n<\/div>\n<\/div>\n<\/div>\n<div id=\"seasidetms_row_6vqbnej1eo\" class=\"seasidetms_row seasidetms_color_scheme_default seasidetms_row_top_default seasidetms_row_bot_default seasidetms_row_boxed\">\n<div class=\"seasidetms_row_outer_parent\">\n<div class=\"seasidetms_row_outer\">\n<div class=\"seasidetms_row_inner\">\n<div class=\"seasidetms_row_margin\">\n<div id=\"seasidetms_column_tyjtwyvo4k\" class=\"seasidetms_column one_first typoClara\">\n<div class=\"seasidetms_column_inner\"><div class=\"seasidetms_text\">\n<p>We are a sustainable company with a solid social commitment that promotes the comprehensive development of our people and their families, as well as the communities where we operate, through the implementation of industrial safety, equality, health, education, and sports programs. We also host events that foster family integration and a sense of belonging.<\/p>\n<p class=\"translation-block\">Our <strong>Corporate Social Responsibility<\/strong> (CSR) program incorporates measures that allow us to pursue our mission, vision, and objectives through the following course of action and sustainability plan:<\/p>\n<\/div>\n<\/div><\/div>\n<\/div>\n<\/div>\n<\/div>\n<\/div>\n<\/div>\n<div id=\"seasidetms_row_m0qfixow83\" class=\"seasidetms_row seasidetms_color_scheme_default seasidetms_row_top_default seasidetms_row_bot_default seasidetms_row_boxed\">\n<div class=\"seasidetms_row_outer_parent\">\n<div class=\"seasidetms_row_outer\">\n<div class=\"seasidetms_row_inner seasidetms_row_no_margin\">\n<div class=\"seasidetms_row_margin\">\n<div id=\"seasidetms_column_7c0ewvepyg\" class=\"seasidetms_column one_half\">\n<div class=\"seasidetms_column_inner\"><div class=\"seasidetms_img  seasidetms_image_n paddingbottom50\" data-animation=\"fadeIn\" data-delay=\"0\"><img decoding=\"async\" src=\"https:\/\/cotemar.com.mx\/wp-content\/uploads\/2020\/06\/comunidad.jpg\" \/><\/div><div id=\"seasidetms_heading_vof3zq1vnu\" class=\"seasidetms_heading_wrap seasidetms_heading_align_right\" data-animation=\"fadeIn\" data-delay=\"0\">\n\t<h3 class=\"seasidetms_heading\">QUALITY OF LIFE<\/h3>\n<\/div><div class=\"seasidetms_text\">\n<p style=\"text-align: right;\">We promote the comprehensive development of our people and their families.<\/p>\n<\/div>\n<\/div><\/div>\n<div id=\"seasidetms_column_gic1q704ig\" class=\"seasidetms_column one_half\">\n<div class=\"seasidetms_column_inner\"><div id=\"seasidetms_heading_1pkb93b3m\" class=\"seasidetms_heading_wrap seasidetms_heading_align_left\" data-animation=\"fadeIn\" data-delay=\"0\">\n\t<h3 class=\"seasidetms_heading\">COMMUNITY<\/h3>\n<\/div><div class=\"seasidetms_text\">\n<p>We create jobs for the community and promote cultural, health, and sports activities by supporting institutions and social programs.<\/p>\n<\/div>\n<div class=\"seasidetms_img  seasidetms_image_n paddingTop50\" data-animation=\"fadeIn\" data-delay=\"0\"><img decoding=\"async\" src=\"https:\/\/cotemar.com.mx\/wp-content\/uploads\/2020\/06\/calidad_vida.jpg\" \/><\/div>\n<\/div><\/div>\n<\/div>\n<\/div>\n<\/div>\n<\/div>\n<\/div>\n<div id=\"seasidetms_row_qto2ziamtn\" class=\"seasidetms_row seasidetms_color_scheme_default seasidetms_row_top_default seasidetms_row_bot_default seasidetms_row_boxed\">\n<div class=\"seasidetms_row_outer_parent\">\n<div class=\"seasidetms_row_outer\">\n<div class=\"seasidetms_row_inner\">\n<div class=\"seasidetms_row_margin\">\n<div id=\"seasidetms_column_00rg6ojjo\" class=\"seasidetms_column one_half\" data-animation=\"fadeIn\" data-delay=\"0\">\n<div class=\"seasidetms_column_inner\"><div class=\"seasidetms_img  seasidetms_image_n paddingbottom50\" data-animation=\"fadeIn\" data-delay=\"0\"><img decoding=\"async\" src=\"https:\/\/cotemar.com.mx\/wp-content\/uploads\/2020\/06\/limpieza-playa.jpg\" \/><\/div><div id=\"seasidetms_heading_2mjnalluf8\" class=\"seasidetms_heading_wrap seasidetms_heading_align_right paddingTop50\" data-animation=\"fadeIn\" data-delay=\"0\">\n\t<h3 class=\"seasidetms_heading\">ENVIRONMENT<\/h3>\n<\/div><div class=\"seasidetms_text\">\n<p>We stand behind our sustainable operations plan and raise awareness about how to care for the environment through good practices that will reduce the negative impact and that will advance ecological preservation activities.<\/p>\n<\/div>\n<\/div><\/div>\n<div id=\"seasidetms_column_6rqw3nopa9\" class=\"seasidetms_column one_half\">\n<div class=\"seasidetms_column_inner\"><div id=\"seasidetms_heading_8rq17zhys\" class=\"seasidetms_heading_wrap seasidetms_heading_align_left\" data-animation=\"fadeIn\" data-delay=\"0\">\n\t<h3 class=\"seasidetms_heading\">COMPANY ETHICS<\/h3>\n<\/div><div class=\"seasidetms_text\">\n<p style=\"text-align: left;\" class=\"translation-block\">We communicate the guidelines that ensure transparency and our company\u2019s values, keeping in mind that <strong>Cotemar<\/strong> is a value that we all share, and that is based on our economic, social, and environmental commitment.<\/p>\n<\/div>\n<div class=\"seasidetms_img  seasidetms_image_n paddingTop50\" data-animation=\"fadeIn\" data-delay=\"0\"><img decoding=\"async\" src=\"https:\/\/cotemar.com.mx\/wp-content\/uploads\/2020\/06\/medio-ambiente.jpg\" \/><\/div>\n<\/div><\/div>\n<\/div>\n<\/div>\n<\/div>\n<\/div>\n<\/div>\n<div id=\"seasidetms_row_dymd85d4x8\" class=\"seasidetms_row seasidetms_color_scheme_default seasidetms_row_top_default seasidetms_row_bot_default seasidetms_row_boxed\">\n<div class=\"seasidetms_row_outer_parent\">\n<div class=\"seasidetms_row_outer\">\n<div class=\"seasidetms_row_inner\">\n<div class=\"seasidetms_row_margin\">\n<div id=\"seasidetms_column_v5hjik1f2o\" class=\"seasidetms_column one_first\">\n<div class=\"seasidetms_column_inner\"><div class=\"seasidetms_text\">\n<p class=\"p1\">Por noveno a\u00f1o consecutivo, obtuvimos el distintivo <strong>SRC<\/strong>, el cual avala que somos una <strong>Empresa Socialmente Responsable<\/strong> por nuestra dedicaci\u00f3n y compromiso con el bienestar de nuestros colaboradores, el cuidado y la protecci\u00f3n del medio ambiente y la vinculaci\u00f3n con la comunidad.<\/p>\n<\/div>\n<div class=\"aligncenter\"><div class=\"seasidetms_img  seasidetms_image_c\"><img decoding=\"async\" src=\"https:\/\/cotemar.com.mx\/wp-content\/uploads\/2020\/08\/RSE.jpg\" \/><\/div><\/div>\n<\/div><\/div>\n<\/div>\n<\/div>\n<\/div>\n<\/div>\n<\/div>\n<div id=\"seasidetms_row_bzqb3ioji9\" class=\"seasidetms_row seasidetms_color_scheme_default seasidetms_row_top_default seasidetms_row_bot_default seasidetms_row_boxed\">\n<div class=\"seasidetms_row_outer_parent\">\n<div class=\"seasidetms_row_outer\">\n<div class=\"seasidetms_row_inner\">\n<div class=\"seasidetms_row_margin\">\n<div id=\"seasidetms_column_\" class=\"seasidetms_column one_first\">\n<div class=\"seasidetms_column_inner\"><div id=\"seasidetms_heading_mvi1akjvxe\" class=\"seasidetms_heading_wrap seasidetms_heading_align_left\">\n\t<h2 class=\"seasidetms_heading\">CONTACT<\/h2>\n<\/div>\n<div class=\"seasidetms_contact_form\"><div class=\"seasidetms-form-builder\">\n<div class=\"seasidetms_notice seasidetms_notice_success seasidetms_theme_icon_check success_box\" style=\"display:none;\">\n<div class=\"notice_icon\"><\/div>\n<div class=\"notice_content\">\n<p>Gracias! tu mensaje ha sido enviado.<\/p>\n<\/div>\n<\/div>\n<script type=\"text\/javascript\"> \nvar captchaWidgetRender = []; \nvar validateCaptcha = function(){\r\n\t\t\t\t\t\t\tcaptchaWidgetRender.forEach(function(item_fn){\r\n\t\t\t\t\t\t\t\tif(typeof item_fn === \"function\"){\r\n\t\t\t\t\t\t\t\t\titem_fn();\r\n\t\t\t\t\t\t\t\t}\r\n\t\t\t\t\t\t\t});\r\n\t\t\t\t\t\t};\njQuery(document).ready(function () { \n\tjQuery('#form_15491').validationEngine('attach', { \n\t\tpromptPosition : 'topRight', \n\t\tscroll : false, \n\t\tautoPositionUpdate : true, \n\t\tshowArrow : false \n\t\t} ); \n\tjQuery('#form_15491 a#seasidetms_15491_formsend').click(function () { \n\t\tjQuery('#form_15491 .loading').animate( { opacity : 1 } , 250); \n\t\tif (jQuery('#form_15491').validationEngine('validate')) { \n\t\t\tjQuery.post('https:\/\/cotemar.com.mx\/wp-content\/plugins\/seasidetms-contact-form-builder\/inc\/form-builder-sendmail.php', { \n\t\t\t\tseasidetms_nombre_4 : jQuery('#seasidetms_nombre_4').val(), \n\t\t\t\tseasidetms_email_6 : jQuery('#seasidetms_email_6').val(), \n\t\t\t\tseasidetms_mensaje_4 : jQuery('#seasidetms_mensaje_4').val(), \n\t\t\t\tcontactemail : 'MTU0OTF8ZXhhbXBsZUBkb21haW4uY29tfDE1NDkx', \n\t\t\t\tformname : '15491' \r\t\t\t}, function (data) { \n\t\t\t\tjQuery('#form_15491 .loading').animate( { opacity : 0 } , 250); \n\t\t\t\tjQuery('#form_15491').fadeOut('slow'); \n\t\t\t\tdocument.getElementById('form_15491').reset(); \n\t\t\t\tjQuery('#form_15491').parent().find('.box').hide(); \n\t\t\t\tjQuery('#form_15491').parent().find('.success_box').fadeIn('fast'); \n\t\t\t\tjQuery('html, body').animate( { scrollTop : jQuery('#form_15491').offset().top - 140 } , 'slow'); \n\t\t\t\tjQuery('#form_15491').parent().find('.success_box').delay(5000).fadeOut(1000, function () { \n\t\t\t\t\tjQuery('#form_15491').fadeIn('slow'); \r\t\t\t\t} ); \r\t\t\t} ); \n\t\t\treturn false; \r\t\t} else { \n\t\t\tjQuery('#form_15491 .loading').animate( { opacity : 0 } , 250); \n\t\t\treturn false; \r\t\t} \r\t} ); \r} ); \n<\/script>\n<form action=\"#\" method=\"post\" id=\"form_15491\" data-trp-original-action=\"#\">\n\n<div class=\"form_info seasidetms_input one_half\">\n\t<div class=\"form_field_wrap\">\n\t\t<input type=\"text\" name=\"seasidetms_nombre_4\" id=\"seasidetms_nombre_4\" value=\"\" size=\"35\" class=\"validate[required]\" placeholder=\"Name\" \/>\r\t<\/div>\n<\/div>\n<div class=\"form_info seasidetms_input one_half\">\n\t<div class=\"form_field_wrap\">\n\t\t<input type=\"text\" name=\"seasidetms_email_6\" id=\"seasidetms_email_6\" value=\"\" size=\"35\" class=\"validate[required,custom[email]]\" placeholder=\"Email\" \/>\r\t<\/div>\n<\/div>\n<div class=\"form_info seasidetms_textarea one_first\">\n\t<div class=\"form_field_wrap\">\n\t\t<textarea name=\"seasidetms_mensaje_4\" id=\"seasidetms_mensaje_4\" cols=\"60\" rows=\"10\" class=\"validate[required,minSize[10],maxSize[150]]\" placeholder=\"Message\"><\/textarea>\r\t<\/div>\n<\/div>\n<div class=\"cl\"><\/div>\n<div class=\"loading\"><\/div>\n<div class=\"form_info submit_wrap\">\n<a id=\"seasidetms_15491_formsend\" class=\"seasidetms_button\" href=\"#\"><span>Send<\/span><\/a>\n<\/div>\n<div class=\"cl\"><\/div>\n<input type=\"hidden\" name=\"trp-form-language\" value=\"en\"\/><\/form>\n<\/div><\/div>\n<\/div><\/div>\n<\/div>\n<\/div>\n<\/div>\n<\/div>\n<\/div>","protected":false},"excerpt":{"rendered":"","protected":false},"author":2,"featured_media":0,"parent":0,"menu_order":0,"comment_status":"closed","ping_status":"closed","template":"","meta":{"_monsterinsights_skip_tracking":false,"_monsterinsights_sitenote_active":false,"_monsterinsights_sitenote_note":"","_monsterinsights_sitenote_category":0,"footnotes":""},"class_list":["post-15122","page","type-page","status-publish","hentry"],"yoast_head":"<!-- This site is optimized with the Yoast SEO plugin v26.1.1 - https:\/\/yoast.com\/wordpress\/plugins\/seo\/ -->\n<title>Empat\u00eda social - Cotemar<\/title>\n<meta name=\"robots\" content=\"index, follow, max-snippet:-1, max-image-preview:large, max-video-preview:-1\" \/>\n<link rel=\"canonical\" href=\"https:\/\/cotemar.com.mx\/en\/empatia-social\/\" \/>\n<meta property=\"og:locale\" content=\"en_US\" \/>\n<meta property=\"og:type\" content=\"article\" \/>\n<meta property=\"og:title\" content=\"Empat\u00eda social - Cotemar\" \/>\n<meta property=\"og:url\" content=\"https:\/\/cotemar.com.mx\/en\/empatia-social\/\" \/>\n<meta property=\"og:site_name\" content=\"Cotemar\" \/>\n<meta property=\"article:modified_time\" content=\"2022-02-08T18:28:36+00:00\" \/>\n<meta name=\"twitter:card\" content=\"summary_large_image\" \/>\n<meta name=\"twitter:label1\" content=\"Est. reading time\" \/>\n\t<meta name=\"twitter:data1\" content=\"7 minutes\" \/>\n<script type=\"application\/ld+json\" class=\"yoast-schema-graph\">{\"@context\":\"https:\/\/schema.org\",\"@graph\":[{\"@type\":\"WebPage\",\"@id\":\"https:\/\/cotemar.com.mx\/empatia-social\/\",\"url\":\"https:\/\/cotemar.com.mx\/empatia-social\/\",\"name\":\"Empat\u00eda social - Cotemar\",\"isPartOf\":{\"@id\":\"https:\/\/cotemar.com.mx\/#website\"},\"datePublished\":\"2020-05-14T05:03:36+00:00\",\"dateModified\":\"2022-02-08T18:28:36+00:00\",\"breadcrumb\":{\"@id\":\"https:\/\/cotemar.com.mx\/empatia-social\/#breadcrumb\"},\"inLanguage\":\"en-US\",\"potentialAction\":[{\"@type\":\"ReadAction\",\"target\":[\"https:\/\/cotemar.com.mx\/empatia-social\/\"]}]},{\"@type\":\"BreadcrumbList\",\"@id\":\"https:\/\/cotemar.com.mx\/empatia-social\/#breadcrumb\",\"itemListElement\":[{\"@type\":\"ListItem\",\"position\":1,\"name\":\"Home\",\"item\":\"https:\/\/cotemar.com.mx\/\"},{\"@type\":\"ListItem\",\"position\":2,\"name\":\"Empat\u00eda social\"}]},{\"@type\":\"WebSite\",\"@id\":\"https:\/\/cotemar.com.mx\/#website\",\"url\":\"https:\/\/cotemar.com.mx\/\",\"name\":\"Cotemar\",\"description\":\"One stop to get it done, and done right\",\"potentialAction\":[{\"@type\":\"SearchAction\",\"target\":{\"@type\":\"EntryPoint\",\"urlTemplate\":\"https:\/\/cotemar.com.mx\/?s={search_term_string}\"},\"query-input\":{\"@type\":\"PropertyValueSpecification\",\"valueRequired\":true,\"valueName\":\"search_term_string\"}}],\"inLanguage\":\"en-US\"}]}<\/script>\n<!-- \/ Yoast SEO plugin. -->","yoast_head_json":{"title":"Empat\u00eda social - Cotemar","robots":{"index":"index","follow":"follow","max-snippet":"max-snippet:-1","max-image-preview":"max-image-preview:large","max-video-preview":"max-video-preview:-1"},"canonical":"https:\/\/cotemar.com.mx\/en\/empatia-social\/","og_locale":"en_US","og_type":"article","og_title":"Empat\u00eda social - Cotemar","og_url":"https:\/\/cotemar.com.mx\/en\/empatia-social\/","og_site_name":"Cotemar","article_modified_time":"2022-02-08T18:28:36+00:00","twitter_card":"summary_large_image","twitter_misc":{"Est. reading time":"7 minutes"},"schema":{"@context":"https:\/\/schema.org","@graph":[{"@type":"WebPage","@id":"https:\/\/cotemar.com.mx\/empatia-social\/","url":"https:\/\/cotemar.com.mx\/empatia-social\/","name":"Empat\u00eda social - Cotemar","isPartOf":{"@id":"https:\/\/cotemar.com.mx\/#website"},"datePublished":"2020-05-14T05:03:36+00:00","dateModified":"2022-02-08T18:28:36+00:00","breadcrumb":{"@id":"https:\/\/cotemar.com.mx\/empatia-social\/#breadcrumb"},"inLanguage":"en-US","potentialAction":[{"@type":"ReadAction","target":["https:\/\/cotemar.com.mx\/empatia-social\/"]}]},{"@type":"BreadcrumbList","@id":"https:\/\/cotemar.com.mx\/empatia-social\/#breadcrumb","itemListElement":[{"@type":"ListItem","position":1,"name":"Home","item":"https:\/\/cotemar.com.mx\/"},{"@type":"ListItem","position":2,"name":"Empat\u00eda social"}]},{"@type":"WebSite","@id":"https:\/\/cotemar.com.mx\/#website","url":"https:\/\/cotemar.com.mx\/","name":"<strong>Cotemar <\/strong>","description":"One stop to get it done, and done right","potentialAction":[{"@type":"SearchAction","target":{"@type":"EntryPoint","urlTemplate":"https:\/\/cotemar.com.mx\/?s={search_term_string}"},"query-input":{"@type":"PropertyValueSpecification","valueRequired":true,"valueName":"search_term_string"}}],"inLanguage":"en-US"}]}},"_links":{"self":[{"href":"https:\/\/cotemar.com.mx\/en\/wp-json\/wp\/v2\/pages\/15122","targetHints":{"allow":["GET"]}}],"collection":[{"href":"https:\/\/cotemar.com.mx\/en\/wp-json\/wp\/v2\/pages"}],"about":[{"href":"https:\/\/cotemar.com.mx\/en\/wp-json\/wp\/v2\/types\/page"}],"author":[{"embeddable":true,"href":"https:\/\/cotemar.com.mx\/en\/wp-json\/wp\/v2\/users\/2"}],"replies":[{"embeddable":true,"href":"https:\/\/cotemar.com.mx\/en\/wp-json\/wp\/v2\/comments?post=15122"}],"version-history":[{"count":30,"href":"https:\/\/cotemar.com.mx\/en\/wp-json\/wp\/v2\/pages\/15122\/revisions"}],"predecessor-version":[{"id":15563,"href":"https:\/\/cotemar.com.mx\/en\/wp-json\/wp\/v2\/pages\/15122\/revisions\/15563"}],"wp:attachment":[{"href":"https:\/\/cotemar.com.mx\/en\/wp-json\/wp\/v2\/media?parent=15122"}],"curies":[{"name":"wp","href":"https:\/\/api.w.org\/{rel}","templated":true}]}}