
{"id":15575,"date":"2020-06-08T03:20:13","date_gmt":"2020-06-08T03:20:13","guid":{"rendered":"https:\/\/cotemar2.quadrant.com.mx\/?page_id=15575"},"modified":"2020-06-08T03:20:13","modified_gmt":"2020-06-08T03:20:13","slug":"folletos-2","status":"publish","type":"page","link":"https:\/\/cotemar.com.mx\/en\/folletos-2\/","title":{"rendered":"Brochures"},"content":{"rendered":"<div id=\"seasidetms_row_5636963f7d\" class=\"seasidetms_row seasidetms_color_scheme_default seasidetms_row_top_default seasidetms_row_bot_default seasidetms_row_boxed\">\n<div id=\"comunicadosPost\" class=\"seasidetms_row_outer_parent\">\n<div class=\"seasidetms_row_outer\">\n<div class=\"seasidetms_row_inner\">\n<div class=\"seasidetms_row_margin\">\n<div id=\"seasidetms_column_\" class=\"seasidetms_column one_first\">\n<div class=\"seasidetms_column_inner\"><div id=\"blog_e65cc8c06b\" class=\"seasidetms_wrap_blog entry-summary\" data-layout=\"standard\" data-layout-mode=\"\" data-url=\"https:\/\/cotemar.com.mx\/wp-content\/plugins\/seasidetms-content-composer\/\" data-orderby=\"date\" data-order=\"DESC\" data-count=\"6\" data-categories=\"folletos\" data-metadata=\"date,more\" data-pagination=\"more\" data-date-format=\"\"><div class=\"blog standard\"><!-- Start Post Default Article -->\r\n<article id=\"post-15789\" class=\"seasidetms_post_default post-15789 post type-post status-publish format-image has-post-thumbnail hentry category-folletos post_format-post-format-image\">\r\n\t<div class=\"seasidetms_post_cont_wrap\">\r\n\t\t<figure class=\"seasidetms_img_wrap\"><a href=\"https:\/\/cotemar.com.mx\/wp-content\/uploads\/2020\/07\/folleto_compania563x400.jpg\" title=\"Brochure: Company Overview\" rel=\"ilightbox[img_15789_69d276a954a62]\" class=\"seasidetms_img_link\"><img loading=\"lazy\" decoding=\"async\" width=\"563\" height=\"400\" src=\"https:\/\/cotemar.com.mx\/wp-content\/uploads\/2020\/07\/folleto_compania563x400.jpg\" class=\"\" alt=\"Folleto Visi\u00f3n General de Cotemar\" title=\"Brochure: Company Overview\" srcset=\"https:\/\/cotemar.com.mx\/wp-content\/uploads\/2020\/07\/folleto_compania563x400.jpg 563w, https:\/\/cotemar.com.mx\/wp-content\/uploads\/2020\/07\/folleto_compania563x400-300x213.jpg 300w\" sizes=\"auto, (max-width: 563px) 100vw, 563px\" \/><\/a><\/figure><div class=\"seasidetms_post_cont enable_image enable_image_date\"><span class=\"seasidetms_post_date\"><abbr class=\"published\" title=\"July 20, 2020\">July 20, 2020<\/abbr><abbr class=\"dn date updated\" title=\"June 20, 2025\">June 20, 2025<\/abbr><\/span><header class=\"seasidetms_post_header entry-header\"><h3 class=\"seasidetms_post_title entry-title\"><a href=\"https:\/\/cotemar.com.mx\/en\/folleto-servicios-desarrollo-de-campos-offshore-2\/\">Brochure: Company Overview<\/a><\/h3><\/header><div class=\"seasidetms_post_content entry-content\">\n<p>Download brochure Grupo cotemar<\/p>\n<\/div>\n<a class=\"seasidetms_post_read_more\" href=\"https:\/\/cotemar.com.mx\/en\/folleto-servicios-desarrollo-de-campos-offshore-2\/\">ir a Descargar folleto Grupo Cotemar<\/a>\t\t<\/div>\r\n\t<\/div>\r\n<\/article>\r\n<!-- Finish Post Default Article -->\r\n\r\n<!-- Start Post Default Article -->\r\n<article id=\"post-16068\" class=\"seasidetms_post_default post-16068 post type-post status-publish format-image has-post-thumbnail hentry category-folletos post_format-post-format-image\">\r\n\t<div class=\"seasidetms_post_cont_wrap\">\r\n\t\t<figure class=\"seasidetms_img_wrap\"><a href=\"https:\/\/cotemar.com.mx\/wp-content\/uploads\/2020\/09\/folleto_datos_tecnicos.jpg\" title=\"Technical information\" rel=\"ilightbox[img_16068_69d276a956dc3]\" class=\"seasidetms_img_link\"><img loading=\"lazy\" decoding=\"async\" width=\"563\" height=\"400\" src=\"https:\/\/cotemar.com.mx\/wp-content\/uploads\/2020\/09\/folleto_datos_tecnicos.jpg\" class=\"\" alt=\"Datos T\u00e9cnicos\" title=\"Technical information\" srcset=\"https:\/\/cotemar.com.mx\/wp-content\/uploads\/2020\/09\/folleto_datos_tecnicos.jpg 563w, https:\/\/cotemar.com.mx\/wp-content\/uploads\/2020\/09\/folleto_datos_tecnicos-300x213.jpg 300w\" sizes=\"auto, (max-width: 563px) 100vw, 563px\" \/><\/a><\/figure><div class=\"seasidetms_post_cont enable_image enable_image_date\"><span class=\"seasidetms_post_date\"><abbr class=\"published\" title=\"July 18, 2020\">July 18, 2020<\/abbr><abbr class=\"dn date updated\" title=\"August 9, 2021\">August 9, 2021<\/abbr><\/span><header class=\"seasidetms_post_header entry-header\"><h3 class=\"seasidetms_post_title entry-title\"><a href=\"https:\/\/cotemar.com.mx\/en\/datos-tecnicos\/\">Technical information<\/a><\/h3><\/header><div class=\"seasidetms_post_content entry-content\">\n<p>Download technical information<\/p>\n<\/div>\n<a class=\"seasidetms_post_read_more\" href=\"https:\/\/cotemar.com.mx\/en\/datos-tecnicos\/\">Go to downloads<\/a>\t\t<\/div>\r\n\t<\/div>\r\n<\/article>\r\n<!-- Finish Post Default Article -->\r\n\r\n<!-- Start Post Default Article -->\r\n<article id=\"post-15363\" class=\"seasidetms_post_default post-15363 post type-post status-publish format-image has-post-thumbnail hentry category-folletos post_format-post-format-image\">\r\n\t<div class=\"seasidetms_post_cont_wrap\">\r\n\t\t<figure class=\"seasidetms_img_wrap\"><a href=\"https:\/\/cotemar.com.mx\/wp-content\/uploads\/2020\/06\/folleto_flota_cotemar.jpg\" title=\"Brochures: Vessels\" rel=\"ilightbox[img_15363_69d276a958bdd]\" class=\"seasidetms_img_link\"><img loading=\"lazy\" decoding=\"async\" width=\"563\" height=\"400\" src=\"https:\/\/cotemar.com.mx\/wp-content\/uploads\/2020\/06\/folleto_flota_cotemar.jpg\" class=\"wp-post-image\" alt=\"Folletos Embarcaciones Cotemar\" title=\"Brochures: Vessels\" srcset=\"https:\/\/cotemar.com.mx\/wp-content\/uploads\/2020\/06\/folleto_flota_cotemar.jpg 563w, https:\/\/cotemar.com.mx\/wp-content\/uploads\/2020\/06\/folleto_flota_cotemar-300x213.jpg 300w\" sizes=\"auto, (max-width: 563px) 100vw, 563px\" \/><\/a><\/figure><div class=\"seasidetms_post_cont enable_image enable_image_date\"><span class=\"seasidetms_post_date\"><abbr class=\"published\" title=\"June 19, 2020\">June 19, 2020<\/abbr><abbr class=\"dn date updated\" title=\"February 4, 2026\">February 4, 2026<\/abbr><\/span><header class=\"seasidetms_post_header entry-header\"><h3 class=\"seasidetms_post_title entry-title\"><a href=\"https:\/\/cotemar.com.mx\/en\/informacion-tecnica-sobre-nuestra-flota\/\">Brochures: Vessels<\/a><\/h3><\/header><div class=\"seasidetms_post_content entry-content\">\n<p>Conoce la excelencia en ingenier\u00eda y las especificaciones t\u00e9cnicas de nuestras embarcaciones en Cotemar. Nuestras innovaciones y tecnolog\u00eda de punta garantizan rendimiento, seguridad y eficiencia en cada una de nuestras unidades. &nbsp; Descargar folleto Andr\u00f3meda Descargar folleto Aries Descargar folleto Artemis Descargar folleto Atlantis Descargar folleto Delta Descargar folleto G\u00e9minis Descargar folleto H\u00e9rcules Descargar folleto Iolair Descargar folleto Libra Descargar...<\/p>\n<\/div>\n<a class=\"seasidetms_post_read_more\" href=\"https:\/\/cotemar.com.mx\/en\/informacion-tecnica-sobre-nuestra-flota\/\">ir a descargar folletos embarcaciones<\/a>\t\t<\/div>\r\n\t<\/div>\r\n<\/article>\r\n<!-- Finish Post Default Article -->\r\n\r\n<!-- Start Post Default Article -->\r\n<article id=\"post-15367\" class=\"seasidetms_post_default post-15367 post type-post status-publish format-standard has-post-thumbnail hentry category-folletos\">\r\n\t<div class=\"seasidetms_post_cont_wrap\">\r\n\t\t<figure class=\"seasidetms_img_wrap\"><a href=\"https:\/\/cotemar.com.mx\/en\/folleto-servicios-logistica\/\" title=\"Brochure: Offshore logistics services\" class=\"seasidetms_img_link\"><img loading=\"lazy\" decoding=\"async\" width=\"710\" height=\"539\" src=\"https:\/\/cotemar.com.mx\/wp-content\/uploads\/2020\/06\/folleto_logistica.png\" class=\"wp-post-image\" alt=\"Folleto Servicios Log\u00edstica\" title=\"Brochure: Offshore logistics services\" srcset=\"https:\/\/cotemar.com.mx\/wp-content\/uploads\/2020\/06\/folleto_logistica.png 710w, https:\/\/cotemar.com.mx\/wp-content\/uploads\/2020\/06\/folleto_logistica-300x228.png 300w, https:\/\/cotemar.com.mx\/wp-content\/uploads\/2020\/06\/folleto_logistica-580x440.png 580w\" sizes=\"auto, (max-width: 710px) 100vw, 710px\" \/><\/a><\/figure><div class=\"seasidetms_post_cont enable_image enable_image_date\"><span class=\"seasidetms_post_date\"><abbr class=\"published\" title=\"October 6, 2017\">October 6, 2017<\/abbr><abbr class=\"dn date updated\" title=\"January 21, 2021\">January 21, 2021<\/abbr><\/span><header class=\"seasidetms_post_header entry-header\"><h3 class=\"seasidetms_post_title entry-title\"><a href=\"https:\/\/cotemar.com.mx\/en\/folleto-servicios-logistica\/\">Brochure: Offshore logistics services<\/a><\/h3><\/header><div class=\"seasidetms_post_content entry-content\">\n<p>Download Offshore Field Development Services brochure<\/p>\n<\/div>\n<a class=\"seasidetms_post_read_more\" href=\"https:\/\/cotemar.com.mx\/en\/folleto-servicios-logistica\/\">Ir a Descarga<\/a>\t\t<\/div>\r\n\t<\/div>\r\n<\/article>\r\n<!-- Finish Post Default Article -->\r\n\r\n<!-- Start Post Default Article -->\r\n<article id=\"post-15781\" class=\"seasidetms_post_default post-15781 post type-post status-publish format-image has-post-thumbnail hentry category-folletos post_format-post-format-image\">\r\n\t<div class=\"seasidetms_post_cont_wrap\">\r\n\t\t<figure class=\"seasidetms_img_wrap\"><a href=\"https:\/\/cotemar.com.mx\/wp-content\/uploads\/2020\/07\/folleto_logistica563x400.jpg\" title=\"Brochure: Offshore Field Development Services\" rel=\"ilightbox[img_15781_69d276a95c66a]\" class=\"seasidetms_img_link\"><img loading=\"lazy\" decoding=\"async\" width=\"563\" height=\"400\" src=\"https:\/\/cotemar.com.mx\/wp-content\/uploads\/2020\/07\/folleto_logistica563x400.jpg\" class=\"\" alt=\"Folleto Servicios Desarrollo de Campos Costa Afuera.\" title=\"Brochure: Offshore Field Development Services\" srcset=\"https:\/\/cotemar.com.mx\/wp-content\/uploads\/2020\/07\/folleto_logistica563x400.jpg 563w, https:\/\/cotemar.com.mx\/wp-content\/uploads\/2020\/07\/folleto_logistica563x400-300x213.jpg 300w\" sizes=\"auto, (max-width: 563px) 100vw, 563px\" \/><\/a><\/figure><div class=\"seasidetms_post_cont enable_image enable_image_date\"><span class=\"seasidetms_post_date\"><abbr class=\"published\" title=\"October 6, 2017\">October 6, 2017<\/abbr><abbr class=\"dn date updated\" title=\"January 21, 2021\">January 21, 2021<\/abbr><\/span><header class=\"seasidetms_post_header entry-header\"><h3 class=\"seasidetms_post_title entry-title\"><a href=\"https:\/\/cotemar.com.mx\/en\/folleto-servicios-desarrollo-de-campos-offshore\/\">Brochure: Offshore Field Development Services<\/a><\/h3><\/header><div class=\"seasidetms_post_content entry-content\">\n<p>Download Offshore Logistic Services brochure<\/p>\n<\/div>\n<a class=\"seasidetms_post_read_more\" href=\"https:\/\/cotemar.com.mx\/en\/folleto-servicios-desarrollo-de-campos-offshore\/\">ir a descargar folleto Servicios de Log\u00edstica Costa Afuera<\/a>\t\t<\/div>\r\n\t<\/div>\r\n<\/article>\r\n<!-- Finish Post Default Article -->\r\n\r\n<\/div><div class=\"seasidetms_wrap_more_posts seasidetms_wrap_more_items\"><\/div><\/div>\n<\/div><\/div>\n<\/div>\n<\/div>\n<\/div>\n<\/div>\n<\/div>","protected":false},"excerpt":{"rendered":"","protected":false},"author":2,"featured_media":0,"parent":0,"menu_order":0,"comment_status":"closed","ping_status":"closed","template":"","meta":{"_monsterinsights_skip_tracking":false,"_monsterinsights_sitenote_active":false,"_monsterinsights_sitenote_note":"","_monsterinsights_sitenote_category":0,"footnotes":""},"class_list":["post-15575","page","type-page","status-publish","hentry"],"yoast_head":"<!-- This site is optimized with the Yoast SEO plugin v26.1.1 - https:\/\/yoast.com\/wordpress\/plugins\/seo\/ -->\n<title>Folletos - Cotemar<\/title>\n<meta name=\"robots\" content=\"index, follow, max-snippet:-1, max-image-preview:large, max-video-preview:-1\" \/>\n<link rel=\"canonical\" href=\"https:\/\/cotemar.com.mx\/en\/folletos-2\/\" \/>\n<meta property=\"og:locale\" content=\"en_US\" \/>\n<meta property=\"og:type\" content=\"article\" \/>\n<meta property=\"og:title\" content=\"Folletos - Cotemar\" \/>\n<meta property=\"og:url\" content=\"https:\/\/cotemar.com.mx\/en\/folletos-2\/\" \/>\n<meta property=\"og:site_name\" content=\"Cotemar\" \/>\n<meta name=\"twitter:card\" content=\"summary_large_image\" \/>\n<script type=\"application\/ld+json\" class=\"yoast-schema-graph\">{\"@context\":\"https:\/\/schema.org\",\"@graph\":[{\"@type\":\"WebPage\",\"@id\":\"https:\/\/cotemar.com.mx\/folletos-2\/\",\"url\":\"https:\/\/cotemar.com.mx\/folletos-2\/\",\"name\":\"Folletos - Cotemar\",\"isPartOf\":{\"@id\":\"https:\/\/cotemar.com.mx\/#website\"},\"datePublished\":\"2020-06-08T03:20:13+00:00\",\"breadcrumb\":{\"@id\":\"https:\/\/cotemar.com.mx\/folletos-2\/#breadcrumb\"},\"inLanguage\":\"en-US\",\"potentialAction\":[{\"@type\":\"ReadAction\",\"target\":[\"https:\/\/cotemar.com.mx\/folletos-2\/\"]}]},{\"@type\":\"BreadcrumbList\",\"@id\":\"https:\/\/cotemar.com.mx\/folletos-2\/#breadcrumb\",\"itemListElement\":[{\"@type\":\"ListItem\",\"position\":1,\"name\":\"Home\",\"item\":\"https:\/\/cotemar.com.mx\/\"},{\"@type\":\"ListItem\",\"position\":2,\"name\":\"Folletos\"}]},{\"@type\":\"WebSite\",\"@id\":\"https:\/\/cotemar.com.mx\/#website\",\"url\":\"https:\/\/cotemar.com.mx\/\",\"name\":\"Cotemar\",\"description\":\"One stop to get it done, and done right\",\"potentialAction\":[{\"@type\":\"SearchAction\",\"target\":{\"@type\":\"EntryPoint\",\"urlTemplate\":\"https:\/\/cotemar.com.mx\/?s={search_term_string}\"},\"query-input\":{\"@type\":\"PropertyValueSpecification\",\"valueRequired\":true,\"valueName\":\"search_term_string\"}}],\"inLanguage\":\"en-US\"}]}<\/script>\n<!-- \/ Yoast SEO plugin. -->","yoast_head_json":{"title":"Folletos - Cotemar","robots":{"index":"index","follow":"follow","max-snippet":"max-snippet:-1","max-image-preview":"max-image-preview:large","max-video-preview":"max-video-preview:-1"},"canonical":"https:\/\/cotemar.com.mx\/en\/folletos-2\/","og_locale":"en_US","og_type":"article","og_title":"Folletos - Cotemar","og_url":"https:\/\/cotemar.com.mx\/en\/folletos-2\/","og_site_name":"Cotemar","twitter_card":"summary_large_image","schema":{"@context":"https:\/\/schema.org","@graph":[{"@type":"WebPage","@id":"https:\/\/cotemar.com.mx\/folletos-2\/","url":"https:\/\/cotemar.com.mx\/folletos-2\/","name":"Folletos - Cotemar","isPartOf":{"@id":"https:\/\/cotemar.com.mx\/#website"},"datePublished":"2020-06-08T03:20:13+00:00","breadcrumb":{"@id":"https:\/\/cotemar.com.mx\/folletos-2\/#breadcrumb"},"inLanguage":"en-US","potentialAction":[{"@type":"ReadAction","target":["https:\/\/cotemar.com.mx\/folletos-2\/"]}]},{"@type":"BreadcrumbList","@id":"https:\/\/cotemar.com.mx\/folletos-2\/#breadcrumb","itemListElement":[{"@type":"ListItem","position":1,"name":"Home","item":"https:\/\/cotemar.com.mx\/"},{"@type":"ListItem","position":2,"name":"Folletos"}]},{"@type":"WebSite","@id":"https:\/\/cotemar.com.mx\/#website","url":"https:\/\/cotemar.com.mx\/","name":"<strong>Cotemar <\/strong>","description":"One stop to get it done, and done right","potentialAction":[{"@type":"SearchAction","target":{"@type":"EntryPoint","urlTemplate":"https:\/\/cotemar.com.mx\/?s={search_term_string}"},"query-input":{"@type":"PropertyValueSpecification","valueRequired":true,"valueName":"search_term_string"}}],"inLanguage":"en-US"}]}},"_links":{"self":[{"href":"https:\/\/cotemar.com.mx\/en\/wp-json\/wp\/v2\/pages\/15575","targetHints":{"allow":["GET"]}}],"collection":[{"href":"https:\/\/cotemar.com.mx\/en\/wp-json\/wp\/v2\/pages"}],"about":[{"href":"https:\/\/cotemar.com.mx\/en\/wp-json\/wp\/v2\/types\/page"}],"author":[{"embeddable":true,"href":"https:\/\/cotemar.com.mx\/en\/wp-json\/wp\/v2\/users\/2"}],"replies":[{"embeddable":true,"href":"https:\/\/cotemar.com.mx\/en\/wp-json\/wp\/v2\/comments?post=15575"}],"version-history":[{"count":1,"href":"https:\/\/cotemar.com.mx\/en\/wp-json\/wp\/v2\/pages\/15575\/revisions"}],"predecessor-version":[{"id":15576,"href":"https:\/\/cotemar.com.mx\/en\/wp-json\/wp\/v2\/pages\/15575\/revisions\/15576"}],"wp:attachment":[{"href":"https:\/\/cotemar.com.mx\/en\/wp-json\/wp\/v2\/media?parent=15575"}],"curies":[{"name":"wp","href":"https:\/\/api.w.org\/{rel}","templated":true}]}}