
{"id":15918,"date":"2020-08-07T02:55:33","date_gmt":"2020-08-07T02:55:33","guid":{"rendered":"https:\/\/cotemar2.quadrant.com.mx\/?page_id=15918"},"modified":"2020-08-09T04:27:14","modified_gmt":"2020-08-09T04:27:14","slug":"servicios","status":"publish","type":"page","link":"https:\/\/cotemar.com.mx\/en\/servicios\/","title":{"rendered":"Servicios"},"content":{"rendered":"<div id=\"seasidetms_row_txqdjvdlks\" class=\"seasidetms_row seasidetms_color_scheme_default seasidetms_background_responsive_disable seasidetms_row_top_default seasidetms_row_bot_default seasidetms_row_fullwidth\">\n<div class=\"seasidetms_row_outer_parent\">\n<div class=\"seasidetms_row_outer\">\n<div class=\"seasidetms_row_inner seasidetms_row_fullwidth seasidetms_row_no_margin\">\n<div class=\"seasidetms_row_margin seasidetms_row_columns_behavior\">\n<div id=\"seasidetms_column_pjq3q3461g\" class=\"seasidetms_column one_half\">\n<div class=\"seasidetms_column_inner\"><\/div><\/div>\n<div id=\"seasidetms_column_y85d5xarx\" class=\"seasidetms_column one_half\">\n<div class=\"seasidetms_column_inner\"><div id=\"seasidetms_heading_tw2b4rpqz\" class=\"seasidetms_heading_wrap seasidetms_heading_align_left\">\n\t<h2 class=\"seasidetms_heading\"><\/h2>\n<\/div>\n<div id=\"seasidetms_divider_lz0c99nry\" class=\"cl\"><\/div>\n<p><\/p>\n<\/div><\/div>\n<\/div>\n<\/div>\n<\/div>\n<\/div>\n<\/div>\n<div id=\"seasidetms_row_6vqbnej1eo\" class=\"seasidetms_row seasidetms_color_scheme_default seasidetms_row_top_default seasidetms_row_bot_default seasidetms_row_boxed\">\n<div class=\"seasidetms_row_outer_parent\">\n<div class=\"seasidetms_row_outer\">\n<div class=\"seasidetms_row_inner\">\n<div class=\"seasidetms_row_margin\">\n<div id=\"seasidetms_column_tyjtwyvo4k\" class=\"seasidetms_column one_first typoClara\">\n<div class=\"seasidetms_column_inner\"><div class=\"seasidetms_text\">\n<p>We offer comprehensive solutions for offshore exploration and production (E&amp;P) activities to boost asset efficiency.<\/p>\n<p>Our experience and infrastructure, which is a unique feature in the Gulf of Mexico, position us as the best option to offer our customers a competitive advantage and profitable solutions throughout the entire life cycle of assets.<\/p>\n<\/div>\n<\/div><\/div>\n<\/div>\n<\/div>\n<\/div>\n<\/div>\n<\/div>\n<div id=\"seasidetms_row_k6xn4c352\" class=\"seasidetms_row seasidetms_color_scheme_default seasidetms_row_top_default seasidetms_row_bot_default seasidetms_row_boxed\">\n<div class=\"seasidetms_row_outer_parent\">\n<div class=\"seasidetms_row_outer\">\n<div class=\"seasidetms_row_inner\">\n<div class=\"seasidetms_row_margin\">\n<div id=\"seasidetms_column_2bnp2nsyei\" class=\"seasidetms_column three_fourth\">\n<div class=\"seasidetms_column_inner\"><div class=\"seasidetms_img  seasidetms_image_n\" data-animation=\"fadeIn\" data-delay=\"0\"><img decoding=\"async\" src=\"https:\/\/cotemar.com.mx\/wp-content\/uploads\/2020\/06\/soluciones.jpg\" \/><\/div>\n<\/div><\/div>\n<div id=\"seasidetms_column_knu4srjzae\" class=\"seasidetms_column one_fourth\">\n<div class=\"seasidetms_column_inner\"><div class=\"seasidetms_text typoClara\">\n<p>Proyectos de dise\u00f1o, procura, construcci\u00f3n, rehabilitaci\u00f3n, operaci\u00f3n, mantenimiento, manejo de la integridad de los activos, as\u00ed como, el decomisionamiento de instalaciones terrestres o marinas para la industria oil &amp; gas.<\/p>\n<\/div>\n<div id=\"seasidetms_divider_q7fay9bys\" class=\"seasidetms_divider seasidetms_divider_width_long seasidetms_divider_pos_center\"><\/div>\n<\/div><\/div>\n<\/div>\n<\/div>\n<\/div>\n<\/div>\n<\/div>\n<div id=\"seasidetms_row_kba3y9yb3q\" class=\"seasidetms_row seasidetms_color_scheme_default seasidetms_row_top_default seasidetms_row_bot_default seasidetms_row_boxed\">\n<div class=\"seasidetms_row_outer_parent\">\n<div class=\"seasidetms_row_outer\">\n<div class=\"seasidetms_row_inner\">\n<div class=\"seasidetms_row_margin\">\n<div id=\"seasidetms_column_loz6yvwwic\" class=\"seasidetms_column three_fourth\">\n<div class=\"seasidetms_column_inner\"><div class=\"seasidetms_img  seasidetms_image_n\" data-animation=\"fadeIn\" data-delay=\"0\"><img decoding=\"async\" src=\"https:\/\/cotemar.com.mx\/wp-content\/uploads\/2020\/06\/logistica750x521.jpg\" \/><\/div>\n<\/div><\/div>\n<div id=\"seasidetms_column_sad0fs4sei\" class=\"seasidetms_column one_fourth\">\n<div class=\"seasidetms_column_inner\"><div class=\"seasidetms_text typoClara\">\n<p>Operaci\u00f3n de Shore Base y servicios de soporte operativo y administrativo, administraci\u00f3n log\u00edstica y de personal.<\/p>\n<\/div>\n<div id=\"seasidetms_divider_teqhotqjit\" class=\"seasidetms_divider seasidetms_divider_width_long seasidetms_divider_pos_center\"><\/div>\n<\/div><\/div>\n<\/div>\n<\/div>\n<\/div>\n<\/div>\n<\/div>\n<div id=\"seasidetms_row_tkxr8wgjbj\" class=\"seasidetms_row seasidetms_color_scheme_default seasidetms_row_top_default seasidetms_row_bot_default seasidetms_row_boxed\">\n<div class=\"seasidetms_row_outer_parent\">\n<div class=\"seasidetms_row_outer\">\n<div class=\"seasidetms_row_inner\">\n<div class=\"seasidetms_row_margin\">\n<div id=\"seasidetms_column_w02nsl8ud5\" class=\"seasidetms_column three_fourth\">\n<div class=\"seasidetms_column_inner\"><div class=\"seasidetms_img  seasidetms_image_n\" data-animation=\"fadeIn\" data-delay=\"0\"><img decoding=\"async\" src=\"https:\/\/cotemar.com.mx\/wp-content\/uploads\/2020\/06\/libranza.jpg\" \/><\/div>\n<\/div><\/div>\n<div id=\"seasidetms_column_dqejedrlop\" class=\"seasidetms_column one_fourth\">\n<div class=\"seasidetms_column_inner\"><div class=\"seasidetms_text typoClara\">\n<p>Operaci\u00f3n y fletamento de embarcaciones.<\/p>\n<\/div>\n<div id=\"seasidetms_divider_6p7u1i0nc\" class=\"seasidetms_divider seasidetms_divider_width_long seasidetms_divider_pos_center\"><\/div>\n<\/div><\/div>\n<\/div>\n<\/div>\n<\/div>\n<\/div>\n<\/div>\n<div id=\"seasidetms_row_dg9c0wvq9a\" class=\"seasidetms_row seasidetms_color_scheme_default seasidetms_row_top_default seasidetms_row_bot_default seasidetms_row_boxed\">\n<div class=\"seasidetms_row_outer_parent\">\n<div class=\"seasidetms_row_outer\">\n<div class=\"seasidetms_row_inner\">\n<div class=\"seasidetms_row_margin\">\n<div id=\"seasidetms_column_w9pihb0d4\" class=\"seasidetms_column three_fourth\">\n<div class=\"seasidetms_column_inner\"><div class=\"seasidetms_img  seasidetms_image_n\" data-animation=\"fadeIn\" data-delay=\"0\"><img decoding=\"async\" src=\"https:\/\/cotemar.com.mx\/wp-content\/uploads\/2020\/08\/comedor750x521.jpg\" \/><\/div>\n<\/div><\/div>\n<div id=\"seasidetms_column_dnv5qxlzw\" class=\"seasidetms_column one_fourth\">\n<div class=\"seasidetms_column_inner\"><div class=\"seasidetms_text typoClara\">\n<p>Servicios de alimentaci\u00f3n y hospedaje offshore.<\/p>\n<\/div>\n<div id=\"seasidetms_divider_gfta25en2w\" class=\"seasidetms_divider seasidetms_divider_width_long seasidetms_divider_pos_center\"><\/div>\n<\/div><\/div>\n<\/div>\n<\/div>\n<\/div>\n<\/div>\n<\/div>\n<div id=\"seasidetms_row_xsg7tetoch\" class=\"seasidetms_row seasidetms_color_scheme_default seasidetms_row_top_default seasidetms_row_bot_default seasidetms_row_boxed\">\n<div class=\"seasidetms_row_outer_parent\">\n<div class=\"seasidetms_row_outer\">\n<div class=\"seasidetms_row_inner\">\n<div class=\"seasidetms_row_margin\">\n<div id=\"seasidetms_column_640bnu5bre\" class=\"seasidetms_column three_fourth\">\n<div class=\"seasidetms_column_inner\"><div class=\"seasidetms_img  seasidetms_image_n\" data-animation=\"fadeIn\" data-delay=\"0\"><a href=\"https:\/\/cotemar.com.mx\/wp-content\/uploads\/2020\/08\/balsas750x521.jpg\"><img decoding=\"async\" src=\"https:\/\/cotemar.com.mx\/wp-content\/uploads\/2020\/08\/balsas750x521.jpg\" \/><\/a><\/div>\n<\/div><\/div>\n<div id=\"seasidetms_column_cp3ihbty0o\" class=\"seasidetms_column one_fourth\">\n<div class=\"seasidetms_column_inner\"><div class=\"seasidetms_text typoClara\">\n<p>Comercializaci\u00f3n, inspecci\u00f3n y certificaci\u00f3n de balsas salvavidas<\/p>\n<\/div>\n<div id=\"seasidetms_divider_gket7dlwkg\" class=\"seasidetms_divider seasidetms_divider_width_long seasidetms_divider_pos_center\"><\/div>\n<\/div><\/div>\n<\/div>\n<\/div>\n<\/div>\n<\/div>\n<\/div>\n<div id=\"seasidetms_row_g35mlptnh\" class=\"seasidetms_row seasidetms_color_scheme_default seasidetms_row_top_default seasidetms_row_bot_default seasidetms_row_boxed\">\n<div class=\"seasidetms_row_outer_parent\">\n<div class=\"seasidetms_row_outer\">\n<div class=\"seasidetms_row_inner\">\n<div class=\"seasidetms_row_margin\">\n<div id=\"seasidetms_column_d0o1kcvofj\" class=\"seasidetms_column three_fourth\">\n<div class=\"seasidetms_column_inner\"><div class=\"seasidetms_img  seasidetms_image_n\" data-animation=\"fadeIn\" data-delay=\"0\"><img decoding=\"async\" src=\"https:\/\/cotemar.com.mx\/wp-content\/uploads\/2020\/06\/plataforma_operacio.jpg\" \/><\/div>\n<\/div><\/div>\n<div id=\"seasidetms_column_6lbcm0wp9g\" class=\"seasidetms_column one_fourth\">\n<div class=\"seasidetms_column_inner\"><div class=\"seasidetms_text typoClara\">\n<p>Servicios de Operaci\u00f3n, Producci\u00f3n, Explotaci\u00f3n y desarrollo de Campos terrestres Aceite y Gas.<\/p>\n<\/div>\n<div id=\"seasidetms_divider_e6yjaa1xk\" class=\"seasidetms_divider seasidetms_divider_width_long seasidetms_divider_pos_center\"><\/div>\n<\/div><\/div>\n<\/div>\n<\/div>\n<\/div>\n<\/div>\n<\/div>\n<div id=\"seasidetms_row_bzqb3ioji9\" class=\"seasidetms_row seasidetms_color_scheme_default seasidetms_row_top_default seasidetms_row_bot_default seasidetms_row_boxed\">\n<div class=\"seasidetms_row_outer_parent\">\n<div class=\"seasidetms_row_outer\">\n<div class=\"seasidetms_row_inner\">\n<div class=\"seasidetms_row_margin\">\n<div id=\"seasidetms_column_\" class=\"seasidetms_column one_first\">\n<div class=\"seasidetms_column_inner\"><div id=\"seasidetms_heading_mvi1akjvxe\" class=\"seasidetms_heading_wrap seasidetms_heading_align_left\">\n\t<h2 class=\"seasidetms_heading\">CONTACT<\/h2>\n<\/div>\n<div class=\"seasidetms_contact_form\"><div class=\"seasidetms-form-builder\">\n<div class=\"seasidetms_notice seasidetms_notice_success seasidetms_theme_icon_check success_box\" style=\"display:none;\">\n<div class=\"notice_icon\"><\/div>\n<div class=\"notice_content\">\n<p>Gracias! tu mensaje ha sido enviado.<\/p>\n<\/div>\n<\/div>\n<script type=\"text\/javascript\"> \nvar captchaWidgetRender = []; \nvar validateCaptcha = function(){\r\n\t\t\t\t\t\t\tcaptchaWidgetRender.forEach(function(item_fn){\r\n\t\t\t\t\t\t\t\tif(typeof item_fn === \"function\"){\r\n\t\t\t\t\t\t\t\t\titem_fn();\r\n\t\t\t\t\t\t\t\t}\r\n\t\t\t\t\t\t\t});\r\n\t\t\t\t\t\t};\njQuery(document).ready(function () { \n\tjQuery('#form_15491').validationEngine('attach', { \n\t\tpromptPosition : 'topRight', \n\t\tscroll : false, \n\t\tautoPositionUpdate : true, \n\t\tshowArrow : false \n\t\t} ); \n\tjQuery('#form_15491 a#seasidetms_15491_formsend').click(function () { \n\t\tjQuery('#form_15491 .loading').animate( { opacity : 1 } , 250); \n\t\tif (jQuery('#form_15491').validationEngine('validate')) { \n\t\t\tjQuery.post('https:\/\/cotemar.com.mx\/wp-content\/plugins\/seasidetms-contact-form-builder\/inc\/form-builder-sendmail.php', { \n\t\t\t\tseasidetms_nombre_4 : jQuery('#seasidetms_nombre_4').val(), \n\t\t\t\tseasidetms_email_6 : jQuery('#seasidetms_email_6').val(), \n\t\t\t\tseasidetms_mensaje_4 : jQuery('#seasidetms_mensaje_4').val(), \n\t\t\t\tcontactemail : 'MTU0OTF8ZXhhbXBsZUBkb21haW4uY29tfDE1NDkx', \n\t\t\t\tformname : '15491' \r\t\t\t}, function (data) { \n\t\t\t\tjQuery('#form_15491 .loading').animate( { opacity : 0 } , 250); \n\t\t\t\tjQuery('#form_15491').fadeOut('slow'); \n\t\t\t\tdocument.getElementById('form_15491').reset(); \n\t\t\t\tjQuery('#form_15491').parent().find('.box').hide(); \n\t\t\t\tjQuery('#form_15491').parent().find('.success_box').fadeIn('fast'); \n\t\t\t\tjQuery('html, body').animate( { scrollTop : jQuery('#form_15491').offset().top - 140 } , 'slow'); \n\t\t\t\tjQuery('#form_15491').parent().find('.success_box').delay(5000).fadeOut(1000, function () { \n\t\t\t\t\tjQuery('#form_15491').fadeIn('slow'); \r\t\t\t\t} ); \r\t\t\t} ); \n\t\t\treturn false; \r\t\t} else { \n\t\t\tjQuery('#form_15491 .loading').animate( { opacity : 0 } , 250); \n\t\t\treturn false; \r\t\t} \r\t} ); \r} ); \n<\/script>\n<form action=\"#\" method=\"post\" id=\"form_15491\" data-trp-original-action=\"#\">\n\n<div class=\"form_info seasidetms_input one_half\">\n\t<div class=\"form_field_wrap\">\n\t\t<input type=\"text\" name=\"seasidetms_nombre_4\" id=\"seasidetms_nombre_4\" value=\"\" size=\"35\" class=\"validate[required]\" placeholder=\"Name\" \/>\r\t<\/div>\n<\/div>\n<div class=\"form_info seasidetms_input one_half\">\n\t<div class=\"form_field_wrap\">\n\t\t<input type=\"text\" name=\"seasidetms_email_6\" id=\"seasidetms_email_6\" value=\"\" size=\"35\" class=\"validate[required,custom[email]]\" placeholder=\"Email\" \/>\r\t<\/div>\n<\/div>\n<div class=\"form_info seasidetms_textarea one_first\">\n\t<div class=\"form_field_wrap\">\n\t\t<textarea name=\"seasidetms_mensaje_4\" id=\"seasidetms_mensaje_4\" cols=\"60\" rows=\"10\" class=\"validate[required,minSize[10],maxSize[150]]\" placeholder=\"Message\"><\/textarea>\r\t<\/div>\n<\/div>\n<div class=\"cl\"><\/div>\n<div class=\"loading\"><\/div>\n<div class=\"form_info submit_wrap\">\n<a id=\"seasidetms_15491_formsend\" class=\"seasidetms_button\" href=\"#\"><span>Send<\/span><\/a>\n<\/div>\n<div class=\"cl\"><\/div>\n<input type=\"hidden\" name=\"trp-form-language\" value=\"en\"\/><\/form>\n<\/div><\/div>\n<\/div><\/div>\n<\/div>\n<\/div>\n<\/div>\n<\/div>\n<\/div>","protected":false},"excerpt":{"rendered":"","protected":false},"author":2,"featured_media":0,"parent":0,"menu_order":0,"comment_status":"closed","ping_status":"closed","template":"","meta":{"_monsterinsights_skip_tracking":false,"_monsterinsights_sitenote_active":false,"_monsterinsights_sitenote_note":"","_monsterinsights_sitenote_category":0,"footnotes":""},"class_list":["post-15918","page","type-page","status-publish","hentry"],"yoast_head":"<!-- This site is optimized with the Yoast SEO plugin v26.1.1 - https:\/\/yoast.com\/wordpress\/plugins\/seo\/ -->\n<title>Servicios - Cotemar<\/title>\n<meta name=\"robots\" content=\"index, follow, max-snippet:-1, max-image-preview:large, max-video-preview:-1\" \/>\n<link rel=\"canonical\" href=\"https:\/\/cotemar.com.mx\/en\/servicios\/\" \/>\n<meta property=\"og:locale\" content=\"en_US\" \/>\n<meta property=\"og:type\" content=\"article\" \/>\n<meta property=\"og:title\" content=\"Servicios - Cotemar\" \/>\n<meta property=\"og:url\" content=\"https:\/\/cotemar.com.mx\/en\/servicios\/\" \/>\n<meta property=\"og:site_name\" content=\"Cotemar\" \/>\n<meta property=\"article:modified_time\" content=\"2020-08-09T04:27:14+00:00\" \/>\n<meta name=\"twitter:card\" content=\"summary_large_image\" \/>\n<meta name=\"twitter:label1\" content=\"Est. reading time\" \/>\n\t<meta name=\"twitter:data1\" content=\"7 minutes\" \/>\n<script type=\"application\/ld+json\" class=\"yoast-schema-graph\">{\"@context\":\"https:\/\/schema.org\",\"@graph\":[{\"@type\":\"WebPage\",\"@id\":\"https:\/\/cotemar.com.mx\/servicios\/\",\"url\":\"https:\/\/cotemar.com.mx\/servicios\/\",\"name\":\"Servicios - Cotemar\",\"isPartOf\":{\"@id\":\"https:\/\/cotemar.com.mx\/#website\"},\"datePublished\":\"2020-08-07T02:55:33+00:00\",\"dateModified\":\"2020-08-09T04:27:14+00:00\",\"breadcrumb\":{\"@id\":\"https:\/\/cotemar.com.mx\/servicios\/#breadcrumb\"},\"inLanguage\":\"en-US\",\"potentialAction\":[{\"@type\":\"ReadAction\",\"target\":[\"https:\/\/cotemar.com.mx\/servicios\/\"]}]},{\"@type\":\"BreadcrumbList\",\"@id\":\"https:\/\/cotemar.com.mx\/servicios\/#breadcrumb\",\"itemListElement\":[{\"@type\":\"ListItem\",\"position\":1,\"name\":\"Home\",\"item\":\"https:\/\/cotemar.com.mx\/\"},{\"@type\":\"ListItem\",\"position\":2,\"name\":\"Servicios\"}]},{\"@type\":\"WebSite\",\"@id\":\"https:\/\/cotemar.com.mx\/#website\",\"url\":\"https:\/\/cotemar.com.mx\/\",\"name\":\"Cotemar\",\"description\":\"One stop to get it done, and done right\",\"potentialAction\":[{\"@type\":\"SearchAction\",\"target\":{\"@type\":\"EntryPoint\",\"urlTemplate\":\"https:\/\/cotemar.com.mx\/?s={search_term_string}\"},\"query-input\":{\"@type\":\"PropertyValueSpecification\",\"valueRequired\":true,\"valueName\":\"search_term_string\"}}],\"inLanguage\":\"en-US\"}]}<\/script>\n<!-- \/ Yoast SEO plugin. -->","yoast_head_json":{"title":"Servicios - Cotemar","robots":{"index":"index","follow":"follow","max-snippet":"max-snippet:-1","max-image-preview":"max-image-preview:large","max-video-preview":"max-video-preview:-1"},"canonical":"https:\/\/cotemar.com.mx\/en\/servicios\/","og_locale":"en_US","og_type":"article","og_title":"Servicios - Cotemar","og_url":"https:\/\/cotemar.com.mx\/en\/servicios\/","og_site_name":"Cotemar","article_modified_time":"2020-08-09T04:27:14+00:00","twitter_card":"summary_large_image","twitter_misc":{"Est. reading time":"7 minutes"},"schema":{"@context":"https:\/\/schema.org","@graph":[{"@type":"WebPage","@id":"https:\/\/cotemar.com.mx\/servicios\/","url":"https:\/\/cotemar.com.mx\/servicios\/","name":"Servicios - Cotemar","isPartOf":{"@id":"https:\/\/cotemar.com.mx\/#website"},"datePublished":"2020-08-07T02:55:33+00:00","dateModified":"2020-08-09T04:27:14+00:00","breadcrumb":{"@id":"https:\/\/cotemar.com.mx\/servicios\/#breadcrumb"},"inLanguage":"en-US","potentialAction":[{"@type":"ReadAction","target":["https:\/\/cotemar.com.mx\/servicios\/"]}]},{"@type":"BreadcrumbList","@id":"https:\/\/cotemar.com.mx\/servicios\/#breadcrumb","itemListElement":[{"@type":"ListItem","position":1,"name":"Home","item":"https:\/\/cotemar.com.mx\/"},{"@type":"ListItem","position":2,"name":"Servicios"}]},{"@type":"WebSite","@id":"https:\/\/cotemar.com.mx\/#website","url":"https:\/\/cotemar.com.mx\/","name":"<strong>Cotemar <\/strong>","description":"One stop to get it done, and done right","potentialAction":[{"@type":"SearchAction","target":{"@type":"EntryPoint","urlTemplate":"https:\/\/cotemar.com.mx\/?s={search_term_string}"},"query-input":{"@type":"PropertyValueSpecification","valueRequired":true,"valueName":"search_term_string"}}],"inLanguage":"en-US"}]}},"_links":{"self":[{"href":"https:\/\/cotemar.com.mx\/en\/wp-json\/wp\/v2\/pages\/15918","targetHints":{"allow":["GET"]}}],"collection":[{"href":"https:\/\/cotemar.com.mx\/en\/wp-json\/wp\/v2\/pages"}],"about":[{"href":"https:\/\/cotemar.com.mx\/en\/wp-json\/wp\/v2\/types\/page"}],"author":[{"embeddable":true,"href":"https:\/\/cotemar.com.mx\/en\/wp-json\/wp\/v2\/users\/2"}],"replies":[{"embeddable":true,"href":"https:\/\/cotemar.com.mx\/en\/wp-json\/wp\/v2\/comments?post=15918"}],"version-history":[{"count":23,"href":"https:\/\/cotemar.com.mx\/en\/wp-json\/wp\/v2\/pages\/15918\/revisions"}],"predecessor-version":[{"id":16057,"href":"https:\/\/cotemar.com.mx\/en\/wp-json\/wp\/v2\/pages\/15918\/revisions\/16057"}],"wp:attachment":[{"href":"https:\/\/cotemar.com.mx\/en\/wp-json\/wp\/v2\/media?parent=15918"}],"curies":[{"name":"wp","href":"https:\/\/api.w.org\/{rel}","templated":true}]}}