
{"id":16148,"date":"2020-11-21T18:03:41","date_gmt":"2020-11-22T00:03:41","guid":{"rendered":"https:\/\/cotemar2.quadrant.com.mx\/?page_id=16148"},"modified":"2025-11-21T17:24:08","modified_gmt":"2025-11-21T23:24:08","slug":"declaracion-integridad-gcm","status":"publish","type":"page","link":"https:\/\/cotemar.com.mx\/en\/declaracion-integridad-gcm\/","title":{"rendered":"GCM Integrity Statement"},"content":{"rendered":"<h2 style=\"\">GCM Integrity Statement<\/h2>\n<p>At <strong>Grupo Cotemar M\u00e9xico (GCM)<\/strong> and our affiliated companies, integrity is the pillar that guides each of our actions. Through our <strong>Cotemar's culture<\/strong>we strengthen our commitment to ethics, transparency and corporate social responsibility, ensuring that our operations create value for our clients, employees, and society.<\/p>\n<p>Our purpose is clear: to be the leading service company in the industry, exceeding expectations in quality, safety, sustainability, environmental protection and effectiveness; responsibly developing our human capital, our stakeholders, and the country. We are guided by our core beliefs: integrity, excellence, dedication, innovation, responsibility, and social empathy, which set us apart and reinforce the trust of our stakeholders.<\/p>\n<p>Sustainability and corporate social responsibility are fundamental axes of our strategy. We align with the Global Compact's Principles and the highest governance standards, ensuring regulatory compliance and transparent management. As part of this commitment, we maintain the Social Responsibility Management System certification under the IQNet SR10 standard.<\/p>\n<p>We reaffirm our commitment to a culture of integrity, ethics, and compliance across all our operations. Our Integrity Program establishes policies, controls, and processes \u2014 including the Ethics Committee, the Code of Ethics and Conduct, and the Ethics Hotline \u2014 that enable us to prevent, detect, and manage potential violations of our guidelines, ensuring that any misconduct is properly identified and sanctioned.<\/p>\n<p>Transparency and accountability are essential to our management. We promote ethical decision-making, prevent conflicts of interest, and ensure legal and regulatory compliance, making certain that our actions adhere to the law and foster an environment of respect, equity, and compliance.  This ongoing commitment strengthens our culture of operating under the highest standards of integrity, with responsibility and a firm stance against corruption.<\/p>\n<p>Our commitment is to integrity, sustainability, and best business practices, whit the goal of continuing to build a responsible, competitive, and global company.<\/p>\n<p style=\"\"><strong>Alejandro Villarreal<\/strong><\/p>\n<p>CEO Grupo Cotemar M\u00e9xico<\/p>\n<p><a href=\"https:\/\/cotemar.com.mx\/wp-content\/uploads\/2021\/07\/Cotemar-CEyC.pdf\" rel=\"noopener\" style=\"outline: none;\" target=\"_blank\"><\/a><a href=\"https:\/\/cotemar.com.mx\/en\/codigo-de-etica-y-conducta\/\" target=\"_blank\" style=\"outline: none;\">Click here to learn about Grupo Cotemar M\u00e9xico\u2019s Code of Ethics and Conduct<\/a><\/p>\n<p style=\"\">L\u00ednea \u00c9tica Cotemar<\/p>\n<p><strong><span style=\"font-family: Montserrat; font-weight: 400; --tcb-applied-color: rgb(108, 109, 115) !important; color: rgb(108, 109, 115) !important;\">Secure channels and authorized means through which inappropriate conduct and prohibited behaviors are received and referred to the Ethics Committee. It is a tool managed by a third party independent from Cotemar.<\/span><\/strong><\/p>\n<p style=\"\">Web site<\/p>\n<p style=\"\"><span style=\"font-weight: normal;\"><a href=\"https:\/\/cotemar.lineaetica.com.mx\/\" target=\"_blank\" style=\"outline: none;\">cotemar.lineaetica.com.mx<\/a><\/span><\/p>\n<p style=\"\">Email<\/p>\n<p style=\"\"><span style=\"font-weight: normal;\"><a href=\"mailto:%20cotemar@lineaetica.com.mx\" target=\"_blank\" style=\"outline: none;\">cotemar@lineaetica.com.mx<\/a><\/span><\/p>\n<p style=\"\">WhatsApp<\/p>\n<p style=\"\"><span style=\"font-weight: normal;\"><a href=\"https:\/\/wa.me\/5565385504\" target=\"_blank\" style=\"outline: none;\">+52 55 6538 5504<\/a><\/span><\/p>\n<p style=\"\">Phone and voice mail<\/p>\n<p style=\"\"><span style=\"font-weight: normal;\"><a href=\"tel:8000438422\" target=\"_blank\" style=\"outline: none;\">800 04 38422<\/a><\/span><\/p>\n<p><strong><span style=\"font-family: Montserrat; font-weight: 400; --tcb-applied-color: rgb(108, 109, 115) !important; color: rgb(108, 109, 115) !important;\">To use the code, first download the Cotemar Ethics Line App at:<\/span><\/strong><\/p>\n<p><span><img decoding=\"async\" alt=\"\" data-id=\"19612\" width=\"516\" data-init-width=\"1100\" height=\"224\" data-init-height=\"478\" title=\"codigos_linea_denuncia\" loading=\"lazy\" src=\"https:\/\/cotemar.com.mx\/wp-content\/uploads\/2024\/10\/codigos_linea_denuncia.webp\" data-width=\"516\" data-height=\"224\" style=\"aspect-ratio: auto 1100 \/ 478;\"><\/span><span><img decoding=\"async\" alt=\"\" data-id=\"19570\" width=\"66\" data-init-width=\"139\" height=\"67\" data-init-height=\"141\" title=\"icono-linea-etica\" loading=\"lazy\" src=\"https:\/\/cotemar.com.mx\/wp-content\/uploads\/2024\/07\/icono-linea-etica.png\" data-width=\"66\" data-height=\"67\" style=\"aspect-ratio: auto 139 \/ 141;\"><\/span><\/p>\n<p style=\"\">App de Ethics Global<\/p>\n<p style=\"\"><span style=\"font-weight: normal;\"><a href=\"tel:8000438422\" target=\"_blank\" style=\"outline: none;\"><span style=\"font-weight: normal;\">Use the code<\/span> V22-2900-COT<\/a><\/span><\/p>\n<p><span><img decoding=\"async\" alt=\"\" data-id=\"19571\" width=\"184\" data-init-width=\"139\" height=\"187\" data-init-height=\"141\" title=\"QR-linea-etica\" loading=\"lazy\" src=\"https:\/\/cotemar.com.mx\/wp-content\/uploads\/2024\/07\/QR-linea-etica.png\" data-width=\"184\" data-height=\"187\" style=\"aspect-ratio: auto 139 \/ 141;\"><\/span><\/p>","protected":false},"excerpt":{"rendered":"<p>Declaraci\u00f3n de Integridad GCM En Grupo Cotemar M\u00e9xico (GCM) y nuestras empresas filiales, la integridad es el pilar que gu\u00eda cada una de nuestras acciones. A trav\u00e9s de nuestra Cultura Cotemar, consolidamos nuestro compromiso con la \u00e9tica, la transparencia y la responsabilidad social, asegurando que nuestras operaciones generen valor para nuestros clientes, colaboradores y la&#8230;<\/p>","protected":false},"author":2,"featured_media":0,"parent":0,"menu_order":0,"comment_status":"closed","ping_status":"closed","template":"","meta":{"_monsterinsights_skip_tracking":false,"_monsterinsights_sitenote_active":false,"_monsterinsights_sitenote_note":"","_monsterinsights_sitenote_category":0,"footnotes":""},"class_list":["post-16148","page","type-page","status-publish","hentry"],"yoast_head":"<!-- This site is optimized with the Yoast SEO plugin v26.1.1 - https:\/\/yoast.com\/wordpress\/plugins\/seo\/ -->\n<title>Declaraci\u00f3n de Integridad GCM - Cotemar<\/title>\n<meta name=\"robots\" content=\"index, follow, max-snippet:-1, max-image-preview:large, max-video-preview:-1\" \/>\n<link rel=\"canonical\" href=\"https:\/\/cotemar.com.mx\/en\/declaracion-integridad-gcm\/\" \/>\n<meta property=\"og:locale\" content=\"en_US\" \/>\n<meta property=\"og:type\" content=\"article\" \/>\n<meta property=\"og:title\" content=\"Declaraci\u00f3n de Integridad GCM - Cotemar\" \/>\n<meta property=\"og:description\" content=\"Declaraci\u00f3n de Integridad GCM En Grupo Cotemar M\u00e9xico (GCM) y nuestras empresas filiales, la integridad es el pilar que gu\u00eda cada una de nuestras acciones. A trav\u00e9s de nuestra Cultura Cotemar, consolidamos nuestro compromiso con la \u00e9tica, la transparencia y la responsabilidad social, asegurando que nuestras operaciones generen valor para nuestros clientes, colaboradores y la...\" \/>\n<meta property=\"og:url\" content=\"https:\/\/cotemar.com.mx\/en\/declaracion-integridad-gcm\/\" \/>\n<meta property=\"og:site_name\" content=\"Cotemar\" \/>\n<meta property=\"article:modified_time\" content=\"2025-11-21T23:24:08+00:00\" \/>\n<meta property=\"og:image\" content=\"https:\/\/cotemar.com.mx\/wp-content\/uploads\/2024\/10\/codigos_linea_denuncia.webp\" \/>\n<meta name=\"twitter:card\" content=\"summary_large_image\" \/>\n<meta name=\"twitter:label1\" content=\"Est. reading time\" \/>\n\t<meta name=\"twitter:data1\" content=\"3 minutes\" \/>\n<script type=\"application\/ld+json\" class=\"yoast-schema-graph\">{\"@context\":\"https:\/\/schema.org\",\"@graph\":[{\"@type\":\"WebPage\",\"@id\":\"https:\/\/cotemar.com.mx\/declaracion-integridad-gcm\/\",\"url\":\"https:\/\/cotemar.com.mx\/declaracion-integridad-gcm\/\",\"name\":\"Declaraci\u00f3n de Integridad GCM - Cotemar\",\"isPartOf\":{\"@id\":\"https:\/\/cotemar.com.mx\/#website\"},\"primaryImageOfPage\":{\"@id\":\"https:\/\/cotemar.com.mx\/declaracion-integridad-gcm\/#primaryimage\"},\"image\":{\"@id\":\"https:\/\/cotemar.com.mx\/declaracion-integridad-gcm\/#primaryimage\"},\"thumbnailUrl\":\"https:\/\/cotemar.com.mx\/wp-content\/uploads\/2024\/10\/codigos_linea_denuncia.webp\",\"datePublished\":\"2020-11-22T00:03:41+00:00\",\"dateModified\":\"2025-11-21T23:24:08+00:00\",\"breadcrumb\":{\"@id\":\"https:\/\/cotemar.com.mx\/declaracion-integridad-gcm\/#breadcrumb\"},\"inLanguage\":\"en-US\",\"potentialAction\":[{\"@type\":\"ReadAction\",\"target\":[\"https:\/\/cotemar.com.mx\/declaracion-integridad-gcm\/\"]}]},{\"@type\":\"ImageObject\",\"inLanguage\":\"en-US\",\"@id\":\"https:\/\/cotemar.com.mx\/declaracion-integridad-gcm\/#primaryimage\",\"url\":\"https:\/\/cotemar.com.mx\/wp-content\/uploads\/2024\/10\/codigos_linea_denuncia.webp\",\"contentUrl\":\"https:\/\/cotemar.com.mx\/wp-content\/uploads\/2024\/10\/codigos_linea_denuncia.webp\"},{\"@type\":\"BreadcrumbList\",\"@id\":\"https:\/\/cotemar.com.mx\/declaracion-integridad-gcm\/#breadcrumb\",\"itemListElement\":[{\"@type\":\"ListItem\",\"position\":1,\"name\":\"Home\",\"item\":\"https:\/\/cotemar.com.mx\/\"},{\"@type\":\"ListItem\",\"position\":2,\"name\":\"Declaraci\u00f3n de Integridad GCM\"}]},{\"@type\":\"WebSite\",\"@id\":\"https:\/\/cotemar.com.mx\/#website\",\"url\":\"https:\/\/cotemar.com.mx\/\",\"name\":\"Cotemar\",\"description\":\"One stop to get it done, and done right\",\"potentialAction\":[{\"@type\":\"SearchAction\",\"target\":{\"@type\":\"EntryPoint\",\"urlTemplate\":\"https:\/\/cotemar.com.mx\/?s={search_term_string}\"},\"query-input\":{\"@type\":\"PropertyValueSpecification\",\"valueRequired\":true,\"valueName\":\"search_term_string\"}}],\"inLanguage\":\"en-US\"}]}<\/script>\n<!-- \/ Yoast SEO plugin. -->","yoast_head_json":{"title":"Declaraci\u00f3n de Integridad GCM - Cotemar","robots":{"index":"index","follow":"follow","max-snippet":"max-snippet:-1","max-image-preview":"max-image-preview:large","max-video-preview":"max-video-preview:-1"},"canonical":"https:\/\/cotemar.com.mx\/en\/declaracion-integridad-gcm\/","og_locale":"en_US","og_type":"article","og_title":"Declaraci\u00f3n de Integridad GCM - Cotemar","og_description":"Declaraci\u00f3n de Integridad GCM En Grupo Cotemar M\u00e9xico (GCM) y nuestras empresas filiales, la integridad es el pilar que gu\u00eda cada una de nuestras acciones. A trav\u00e9s de nuestra Cultura Cotemar, consolidamos nuestro compromiso con la \u00e9tica, la transparencia y la responsabilidad social, asegurando que nuestras operaciones generen valor para nuestros clientes, colaboradores y la...","og_url":"https:\/\/cotemar.com.mx\/en\/declaracion-integridad-gcm\/","og_site_name":"Cotemar","article_modified_time":"2025-11-21T23:24:08+00:00","og_image":[{"url":"https:\/\/cotemar.com.mx\/wp-content\/uploads\/2024\/10\/codigos_linea_denuncia.webp","type":"","width":"","height":""}],"twitter_card":"summary_large_image","twitter_misc":{"Est. reading time":"3 minutes"},"schema":{"@context":"https:\/\/schema.org","@graph":[{"@type":"WebPage","@id":"https:\/\/cotemar.com.mx\/declaracion-integridad-gcm\/","url":"https:\/\/cotemar.com.mx\/declaracion-integridad-gcm\/","name":"Declaraci\u00f3n de Integridad GCM - Cotemar","isPartOf":{"@id":"https:\/\/cotemar.com.mx\/#website"},"primaryImageOfPage":{"@id":"https:\/\/cotemar.com.mx\/declaracion-integridad-gcm\/#primaryimage"},"image":{"@id":"https:\/\/cotemar.com.mx\/declaracion-integridad-gcm\/#primaryimage"},"thumbnailUrl":"https:\/\/cotemar.com.mx\/wp-content\/uploads\/2024\/10\/codigos_linea_denuncia.webp","datePublished":"2020-11-22T00:03:41+00:00","dateModified":"2025-11-21T23:24:08+00:00","breadcrumb":{"@id":"https:\/\/cotemar.com.mx\/declaracion-integridad-gcm\/#breadcrumb"},"inLanguage":"en-US","potentialAction":[{"@type":"ReadAction","target":["https:\/\/cotemar.com.mx\/declaracion-integridad-gcm\/"]}]},{"@type":"ImageObject","inLanguage":"en-US","@id":"https:\/\/cotemar.com.mx\/declaracion-integridad-gcm\/#primaryimage","url":"https:\/\/cotemar.com.mx\/wp-content\/uploads\/2024\/10\/codigos_linea_denuncia.webp","contentUrl":"https:\/\/cotemar.com.mx\/wp-content\/uploads\/2024\/10\/codigos_linea_denuncia.webp"},{"@type":"BreadcrumbList","@id":"https:\/\/cotemar.com.mx\/declaracion-integridad-gcm\/#breadcrumb","itemListElement":[{"@type":"ListItem","position":1,"name":"Home","item":"https:\/\/cotemar.com.mx\/"},{"@type":"ListItem","position":2,"name":"Declaraci\u00f3n de Integridad GCM"}]},{"@type":"WebSite","@id":"https:\/\/cotemar.com.mx\/#website","url":"https:\/\/cotemar.com.mx\/","name":"<strong>Cotemar <\/strong>","description":"One stop to get it done, and done right","potentialAction":[{"@type":"SearchAction","target":{"@type":"EntryPoint","urlTemplate":"https:\/\/cotemar.com.mx\/?s={search_term_string}"},"query-input":{"@type":"PropertyValueSpecification","valueRequired":true,"valueName":"search_term_string"}}],"inLanguage":"en-US"}]}},"_links":{"self":[{"href":"https:\/\/cotemar.com.mx\/en\/wp-json\/wp\/v2\/pages\/16148","targetHints":{"allow":["GET"]}}],"collection":[{"href":"https:\/\/cotemar.com.mx\/en\/wp-json\/wp\/v2\/pages"}],"about":[{"href":"https:\/\/cotemar.com.mx\/en\/wp-json\/wp\/v2\/types\/page"}],"author":[{"embeddable":true,"href":"https:\/\/cotemar.com.mx\/en\/wp-json\/wp\/v2\/users\/2"}],"replies":[{"embeddable":true,"href":"https:\/\/cotemar.com.mx\/en\/wp-json\/wp\/v2\/comments?post=16148"}],"version-history":[{"count":72,"href":"https:\/\/cotemar.com.mx\/en\/wp-json\/wp\/v2\/pages\/16148\/revisions"}],"predecessor-version":[{"id":19951,"href":"https:\/\/cotemar.com.mx\/en\/wp-json\/wp\/v2\/pages\/16148\/revisions\/19951"}],"wp:attachment":[{"href":"https:\/\/cotemar.com.mx\/en\/wp-json\/wp\/v2\/media?parent=16148"}],"curies":[{"name":"wp","href":"https:\/\/api.w.org\/{rel}","templated":true}]}}