
{"id":16812,"date":"2021-10-15T14:59:47","date_gmt":"2021-10-15T19:59:47","guid":{"rendered":"https:\/\/cotemar.com.mx\/?page_id=16812"},"modified":"2022-02-04T12:14:50","modified_gmt":"2022-02-04T18:14:50","slug":"capital-humano","status":"publish","type":"page","link":"https:\/\/cotemar.com.mx\/en\/capital-humano\/","title":{"rendered":"Capital humano"},"content":{"rendered":"<p style=\"text-align: center;\"><strong><b><span style=\"text-transform: uppercase;\">CAPITAL HUMANO<\/span><\/b><\/strong><\/p>\n<p><span><img decoding=\"async\" alt=\"logo contacto 3000\" data-id=\"16818\" width=\"280\" data-init-width=\"850\" height=\"137\" data-init-height=\"415\" title=\"Contacto-3000-logo\" loading=\"lazy\" src=\"https:\/\/cotemar.com.mx\/wp-content\/uploads\/2021\/10\/Contacto-3000-logo.png\" data-width=\"280\" data-height=\"137\" style=\"\"><\/span><\/p>\n<h2 style=\"text-align: center;\">Estamos para servirte:<\/h2>\n<p style=\"text-align: center;\">contacto3000@cotemar.com.mx<\/p>\n<p style=\"text-align: center;\">01 938 381 1428<\/p>\n<p style=\"text-align: center;\"><strong>Descarga nuestra App<\/strong><\/p>\n<p><span><img decoding=\"async\" alt=\"\" data-id=\"17343\" width=\"201\" data-init-width=\"400\" height=\"261\" data-init-height=\"519\" title=\"App_cotemar_QR\" loading=\"lazy\" src=\"https:\/\/cotemar.com.mx\/wp-content\/uploads\/2022\/02\/App_cotemar_QR.jpg\" data-width=\"201\" data-height=\"261\" style=\"\"><\/span><\/p>\n<p>Forma parte de nuestra comunidad de fans, empleados y proveedores descargando nuestra nueva app m\u00f3vil.<\/p>\n<p>Escanea el c\u00f3digo para descargarla en tu tel\u00e9fono o da click a los botones abajo.<\/p>\n<p><span><a href=\"https:\/\/apps.apple.com\/mx\/app\/cotemar\/id1378653080?l=en\" rel=\"nofollow noopener\" target=\"_blank\"><img decoding=\"async\" alt=\"app store\" data-id=\"17228\" width=\"108\" data-init-width=\"108\" height=\"33\" data-init-height=\"33\" title=\"appstore-alpha\" loading=\"lazy\" src=\"https:\/\/cotemar.com.mx\/wp-content\/uploads\/2021\/12\/appstore-alpha.png\" data-width=\"108\" data-height=\"33\" data-link-wrap=\"true\"><\/a><\/span><span><a href=\"https:\/\/play.google.com\/store\/apps\/details?id=com.cotemar.cotemar&amp;hl=es&amp;gl=MX\" target=\"_blank\" rel=\"nofollow noopener\"><img decoding=\"async\" alt=\"\" data-id=\"17227\" width=\"108\" data-init-width=\"109\" height=\"34\" data-init-height=\"34\" title=\"google-play-alpha\" loading=\"lazy\" src=\"https:\/\/cotemar.com.mx\/wp-content\/uploads\/2021\/12\/google-play-alpha.png\" data-width=\"108\" data-height=\"34\" data-link-wrap=\"true\"><\/a><\/span><\/p>\n<p style=\"text-align: center;\"><strong>Genera tus solicitudes para Contacto 3000<\/strong><\/p>\n<ul>\n<li><span>Ingresa a la App.<\/span><\/li>\n<li><span>Seleciona Contacto 3000 en la pantalla de inicio.<\/span><\/li>\n<li><span>Redacta el asunto y tu mensaje.<\/span><\/li>\n<li><span>Presiona \u201cenviar\u201d y te aparecera\u0301 un mensaje de confirmacio\u0301n de envi\u0301o.<\/span><\/li>\n<li><span>Guarda el nu\u0301mero de ticket que te proporciona para darle seguimiento.<\/span><\/li>\n<\/ul>\n<p style=\"text-align: center;\"><strong>Actualiza tus documentos<\/strong><\/p>\n<p>Puedes enviar tu documentacio\u0301n escaneada a trave\u0301s del correo electro\u0301nico a <span style=\"color: rgb(10, 38, 84);\">contacto3000@cotemar.com.mx<\/span> o bien, puedes entregarla en los mostradores a bordo o en Control de Documentos en NOVO.<\/p>\n<ul>\n<li><span>Libreta de Mar<\/span><\/li>\n<li><span>Curso Ba\u0301sico<\/span><\/li>\n<li><span>Carnet del IMSS<\/span><\/li>\n<li><span>Homologacio\u0301n STC 2010<\/span><\/li>\n<\/ul>\n<p><strong><span style=\"font-size: 30px;\">100<\/span><\/strong>COTEPOINTS<\/p>\n<h3 style=\"text-align: center;\"><span style=\"color: rgb(34, 34, 34);\">Obt\u00e9n&nbsp;<\/span><strong><span style=\"color: rgb(10, 38, 84);\"><span>100 cotepoints<\/span><\/span><span style=\"color: var(--tcb-local-color-fd66f);\">&nbsp;<\/span><\/strong><span>al actualizar tu libreta del mar.<\/span><\/h3>\n<p style=\"text-align: center;\">Haz tra\u0301mites del IMSS<\/p>\n<p>Por internet o en la app IMSS:<\/p>\n<ul>\n<li><span>Darse de alta o hacer cambio de cli\u0301nica.<\/span><\/li>\n<li><span>Dar de alta a beneficiarios.<\/span><\/li>\n<li><span>Corregir datos personales.<\/span><\/li>\n<li><span>Consultar las semanas cotizadas.<\/span><\/li>\n<li><span>Agendar tu cita me\u0301dica y mucho ma\u0301s.<\/span><\/li>\n<\/ul>\n<p style=\"text-align: center;\"><strong>Recuerda realizar tu pase de lista<\/strong><\/p>\n<ul>\n<li><span style=\"\">Ingresando a la App Cotemar.<\/span><\/li>\n<li><span style=\"\">En los kioscos.<\/span><\/li>\n<li><span style=\"\">En el sitio web: <a href=\"https:\/\/portalservicios.cotemar.com.mx\/Account\/Login\" target=\"_blank\" style=\"outline: none;\" rel=\"noopener\"><span style=\"color: rgb(255, 80, 0);\">www.cotemar.com.mx<\/span> &nbsp;<span style=\"font-weight: normal;\">en el men\u00fa:&nbsp;<\/span>&nbsp; <span style=\"color: rgb(255, 80, 0);\"> portalservicios<\/span>.<\/a><\/span><\/li>\n<li><span style=\"\">En la recepcio\u0301n del edificio NOVO.<\/span><\/li>\n<\/ul>\n<h1 style=\"text-align: center;\">Descarga nuestro c\u00f3digo de \u00e9tica y conducta<\/h1>\n<ul>\n<li><span><a href=\"https:\/\/cotemar.com.mx\/wp-content\/uploads\/2021\/07\/Cotemar-CEyC.pdf\" target=\"_blank\" style=\"outline: none;\" rel=\"noopener\">Our Code of Ethics and Conduct<\/a><\/span><\/li>\n<li><span><a href=\"https:\/\/cotemar.com.mx\/wp-content\/uploads\/2021\/07\/Cotemar-CEyC.pdf\" target=\"_blank\" style=\"outline: none;\" rel=\"noopener\">Manual Laboral<\/a><\/span><\/li>\n<li><span><a href=\"https:\/\/cotemar.com.mx\/wp-content\/uploads\/2022\/02\/Reglamento-de-trabajo-SIPSA.pdf\" target=\"_blank\" style=\"outline: none;\" rel=\"noopener\">Reglamento de trabajo SIPSA<\/a><\/span><\/li>\n<li><span><a href=\"https:\/\/cotemar.com.mx\/wp-content\/uploads\/2022\/02\/Reglamento-de-trabajo-SIPSA.pdf\" target=\"_blank\" style=\"outline: none;\" rel=\"noopener\"><\/a><a href=\"https:\/\/cotemar.com.mx\/wp-content\/uploads\/2022\/02\/Reglamento-de-trabajo-ALM.pdf\" target=\"_blank\" style=\"outline: none;\" rel=\"noopener\">Reglamento de Trabajo ALM<\/a><\/span><\/li>\n<li><span><a href=\"https:\/\/cotemar.com.mx\/wp-content\/uploads\/2022\/02\/Reglamento-de-trabajo-SIPSA.pdf\" target=\"_blank\" style=\"outline: none;\" rel=\"noopener\"><\/a><a href=\"https:\/\/cotemar.com.mx\/wp-content\/uploads\/2022\/02\/Reglamento-de-trabajo-ALM.pdf\" target=\"_blank\" style=\"outline: none;\" rel=\"noopener\"><\/a><a href=\"https:\/\/cotemar.com.mx\/wp-content\/uploads\/2022\/02\/Reglamento-de-trabajo-Corporativo.pdf\" target=\"_blank\" style=\"outline: none;\" rel=\"noopener\">Reglamento de Trabajo Corporativo<\/a><\/span><\/li>\n<li><span><a href=\"https:\/\/cotemar.com.mx\/wp-content\/uploads\/2022\/02\/Reglamento-de-trabajo-SIPSA.pdf\" target=\"_blank\" style=\"outline: none;\" rel=\"noopener\"><\/a><a href=\"https:\/\/cotemar.com.mx\/wp-content\/uploads\/2022\/02\/Reglamento-de-trabajo-ALM.pdf\" target=\"_blank\" style=\"outline: none;\" rel=\"noopener\"><\/a><a href=\"https:\/\/cotemar.com.mx\/wp-content\/uploads\/2022\/02\/Reglamento-de-trabajo-Corporativo.pdf\" target=\"_blank\" style=\"outline: none;\" rel=\"noopener\"><\/a><a href=\"https:\/\/cotemar.com.mx\/wp-content\/uploads\/2022\/02\/Reglamento-de-trabajo-Cocinas.pdf\" target=\"_blank\" style=\"outline: none;\" rel=\"noopener\">Reglamento de Trabajo Cocinas<\/a><\/span><\/li>\n<\/ul>","protected":false},"excerpt":{"rendered":"<p>CAPITAL HUMANO Estamos para servirte: contacto3000@cotemar.com.mx 01 938 381 1428 Descarga nuestra App Forma parte de nuestra comunidad de fans, empleados y proveedores descargando nuestra nueva app m\u00f3vil. Escanea el c\u00f3digo para descargarla en tu tel\u00e9fono o da click a los botones abajo. Genera tus solicitudes para Contacto 3000 Ingresa a la App. Seleciona Contacto&#8230;<\/p>","protected":false},"author":2,"featured_media":0,"parent":0,"menu_order":0,"comment_status":"closed","ping_status":"closed","template":"","meta":{"_monsterinsights_skip_tracking":false,"_monsterinsights_sitenote_active":false,"_monsterinsights_sitenote_note":"","_monsterinsights_sitenote_category":0,"footnotes":""},"class_list":["post-16812","page","type-page","status-publish","hentry"],"yoast_head":"<!-- This site is optimized with the Yoast SEO plugin v26.1.1 - https:\/\/yoast.com\/wordpress\/plugins\/seo\/ -->\n<title>Capital humano - Cotemar<\/title>\n<meta name=\"robots\" content=\"index, follow, max-snippet:-1, max-image-preview:large, max-video-preview:-1\" \/>\n<link rel=\"canonical\" href=\"https:\/\/cotemar.com.mx\/en\/capital-humano\/\" \/>\n<meta property=\"og:locale\" content=\"en_US\" \/>\n<meta property=\"og:type\" content=\"article\" \/>\n<meta property=\"og:title\" content=\"Capital humano - Cotemar\" \/>\n<meta property=\"og:description\" content=\"CAPITAL HUMANO Estamos para servirte: contacto3000@cotemar.com.mx 01 938 381 1428 Descarga nuestra App Forma parte de nuestra comunidad de fans, empleados y proveedores descargando nuestra nueva app m\u00f3vil. Escanea el c\u00f3digo para descargarla en tu tel\u00e9fono o da click a los botones abajo. Genera tus solicitudes para Contacto 3000 Ingresa a la App. Seleciona Contacto...\" \/>\n<meta property=\"og:url\" content=\"https:\/\/cotemar.com.mx\/en\/capital-humano\/\" \/>\n<meta property=\"og:site_name\" content=\"Cotemar\" \/>\n<meta property=\"article:modified_time\" content=\"2022-02-04T18:14:50+00:00\" \/>\n<meta property=\"og:image\" content=\"https:\/\/cotemar.com.mx\/wp-content\/uploads\/2021\/10\/Contacto-3000-logo.png\" \/>\n<meta name=\"twitter:card\" content=\"summary_large_image\" \/>\n<meta name=\"twitter:label1\" content=\"Est. reading time\" \/>\n\t<meta name=\"twitter:data1\" content=\"1 minute\" \/>\n<script type=\"application\/ld+json\" class=\"yoast-schema-graph\">{\"@context\":\"https:\/\/schema.org\",\"@graph\":[{\"@type\":\"WebPage\",\"@id\":\"https:\/\/cotemar.com.mx\/capital-humano\/\",\"url\":\"https:\/\/cotemar.com.mx\/capital-humano\/\",\"name\":\"Capital humano - Cotemar\",\"isPartOf\":{\"@id\":\"https:\/\/cotemar.com.mx\/#website\"},\"primaryImageOfPage\":{\"@id\":\"https:\/\/cotemar.com.mx\/capital-humano\/#primaryimage\"},\"image\":{\"@id\":\"https:\/\/cotemar.com.mx\/capital-humano\/#primaryimage\"},\"thumbnailUrl\":\"https:\/\/cotemar.com.mx\/wp-content\/uploads\/2021\/10\/Contacto-3000-logo.png\",\"datePublished\":\"2021-10-15T19:59:47+00:00\",\"dateModified\":\"2022-02-04T18:14:50+00:00\",\"breadcrumb\":{\"@id\":\"https:\/\/cotemar.com.mx\/capital-humano\/#breadcrumb\"},\"inLanguage\":\"en-US\",\"potentialAction\":[{\"@type\":\"ReadAction\",\"target\":[\"https:\/\/cotemar.com.mx\/capital-humano\/\"]}]},{\"@type\":\"ImageObject\",\"inLanguage\":\"en-US\",\"@id\":\"https:\/\/cotemar.com.mx\/capital-humano\/#primaryimage\",\"url\":\"https:\/\/cotemar.com.mx\/wp-content\/uploads\/2021\/10\/Contacto-3000-logo.png\",\"contentUrl\":\"https:\/\/cotemar.com.mx\/wp-content\/uploads\/2021\/10\/Contacto-3000-logo.png\"},{\"@type\":\"BreadcrumbList\",\"@id\":\"https:\/\/cotemar.com.mx\/capital-humano\/#breadcrumb\",\"itemListElement\":[{\"@type\":\"ListItem\",\"position\":1,\"name\":\"Home\",\"item\":\"https:\/\/cotemar.com.mx\/\"},{\"@type\":\"ListItem\",\"position\":2,\"name\":\"Capital humano\"}]},{\"@type\":\"WebSite\",\"@id\":\"https:\/\/cotemar.com.mx\/#website\",\"url\":\"https:\/\/cotemar.com.mx\/\",\"name\":\"Cotemar\",\"description\":\"One stop to get it done, and done right\",\"potentialAction\":[{\"@type\":\"SearchAction\",\"target\":{\"@type\":\"EntryPoint\",\"urlTemplate\":\"https:\/\/cotemar.com.mx\/?s={search_term_string}\"},\"query-input\":{\"@type\":\"PropertyValueSpecification\",\"valueRequired\":true,\"valueName\":\"search_term_string\"}}],\"inLanguage\":\"en-US\"}]}<\/script>\n<!-- \/ Yoast SEO plugin. -->","yoast_head_json":{"title":"Capital humano - Cotemar","robots":{"index":"index","follow":"follow","max-snippet":"max-snippet:-1","max-image-preview":"max-image-preview:large","max-video-preview":"max-video-preview:-1"},"canonical":"https:\/\/cotemar.com.mx\/en\/capital-humano\/","og_locale":"en_US","og_type":"article","og_title":"Capital humano - Cotemar","og_description":"CAPITAL HUMANO Estamos para servirte: contacto3000@cotemar.com.mx 01 938 381 1428 Descarga nuestra App Forma parte de nuestra comunidad de fans, empleados y proveedores descargando nuestra nueva app m\u00f3vil. Escanea el c\u00f3digo para descargarla en tu tel\u00e9fono o da click a los botones abajo. Genera tus solicitudes para Contacto 3000 Ingresa a la App. Seleciona Contacto...","og_url":"https:\/\/cotemar.com.mx\/en\/capital-humano\/","og_site_name":"Cotemar","article_modified_time":"2022-02-04T18:14:50+00:00","og_image":[{"url":"https:\/\/cotemar.com.mx\/wp-content\/uploads\/2021\/10\/Contacto-3000-logo.png","type":"","width":"","height":""}],"twitter_card":"summary_large_image","twitter_misc":{"Est. reading time":"1 minute"},"schema":{"@context":"https:\/\/schema.org","@graph":[{"@type":"WebPage","@id":"https:\/\/cotemar.com.mx\/capital-humano\/","url":"https:\/\/cotemar.com.mx\/capital-humano\/","name":"Capital humano - Cotemar","isPartOf":{"@id":"https:\/\/cotemar.com.mx\/#website"},"primaryImageOfPage":{"@id":"https:\/\/cotemar.com.mx\/capital-humano\/#primaryimage"},"image":{"@id":"https:\/\/cotemar.com.mx\/capital-humano\/#primaryimage"},"thumbnailUrl":"https:\/\/cotemar.com.mx\/wp-content\/uploads\/2021\/10\/Contacto-3000-logo.png","datePublished":"2021-10-15T19:59:47+00:00","dateModified":"2022-02-04T18:14:50+00:00","breadcrumb":{"@id":"https:\/\/cotemar.com.mx\/capital-humano\/#breadcrumb"},"inLanguage":"en-US","potentialAction":[{"@type":"ReadAction","target":["https:\/\/cotemar.com.mx\/capital-humano\/"]}]},{"@type":"ImageObject","inLanguage":"en-US","@id":"https:\/\/cotemar.com.mx\/capital-humano\/#primaryimage","url":"https:\/\/cotemar.com.mx\/wp-content\/uploads\/2021\/10\/Contacto-3000-logo.png","contentUrl":"https:\/\/cotemar.com.mx\/wp-content\/uploads\/2021\/10\/Contacto-3000-logo.png"},{"@type":"BreadcrumbList","@id":"https:\/\/cotemar.com.mx\/capital-humano\/#breadcrumb","itemListElement":[{"@type":"ListItem","position":1,"name":"Home","item":"https:\/\/cotemar.com.mx\/"},{"@type":"ListItem","position":2,"name":"Capital humano"}]},{"@type":"WebSite","@id":"https:\/\/cotemar.com.mx\/#website","url":"https:\/\/cotemar.com.mx\/","name":"<strong>Cotemar <\/strong>","description":"One stop to get it done, and done right","potentialAction":[{"@type":"SearchAction","target":{"@type":"EntryPoint","urlTemplate":"https:\/\/cotemar.com.mx\/?s={search_term_string}"},"query-input":{"@type":"PropertyValueSpecification","valueRequired":true,"valueName":"search_term_string"}}],"inLanguage":"en-US"}]}},"_links":{"self":[{"href":"https:\/\/cotemar.com.mx\/en\/wp-json\/wp\/v2\/pages\/16812","targetHints":{"allow":["GET"]}}],"collection":[{"href":"https:\/\/cotemar.com.mx\/en\/wp-json\/wp\/v2\/pages"}],"about":[{"href":"https:\/\/cotemar.com.mx\/en\/wp-json\/wp\/v2\/types\/page"}],"author":[{"embeddable":true,"href":"https:\/\/cotemar.com.mx\/en\/wp-json\/wp\/v2\/users\/2"}],"replies":[{"embeddable":true,"href":"https:\/\/cotemar.com.mx\/en\/wp-json\/wp\/v2\/comments?post=16812"}],"version-history":[{"count":48,"href":"https:\/\/cotemar.com.mx\/en\/wp-json\/wp\/v2\/pages\/16812\/revisions"}],"predecessor-version":[{"id":17409,"href":"https:\/\/cotemar.com.mx\/en\/wp-json\/wp\/v2\/pages\/16812\/revisions\/17409"}],"wp:attachment":[{"href":"https:\/\/cotemar.com.mx\/en\/wp-json\/wp\/v2\/media?parent=16812"}],"curies":[{"name":"wp","href":"https:\/\/api.w.org\/{rel}","templated":true}]}}